{"id":3426,"date":"2012-10-15T12:11:37","date_gmt":"2012-10-15T12:11:37","guid":{"rendered":"https:\/\/tolwatertechniek.nl\/de\/geur-verwijderen\/"},"modified":"2022-12-03T07:53:38","modified_gmt":"2022-12-03T07:53:38","slug":"geruchsentfernendes-ozon","status":"publish","type":"page","link":"https:\/\/tolwatertechniek.nl\/de\/geruchsentfernendes-ozon\/","title":{"rendered":"Das entfernen von Duft mit Ozon"},"content":{"rendered":"<p>Ozon wird viel eingesetzt um Duft zu entfernen. Ozon entfernt Duft von unter anderem (Zigaretten) Rauch, Feuer und mehr. Um Duft zu entfernen in R\u00e4ume als Zimmer, B\u00fcros und Gesch\u00e4ftsr\u00e4ume kann man ein Ozon Luftreiniger einsetzen. Das ist ein Ger\u00e4t dass ozon produziert und via ein starke Ventilator durch den Raum verbreitet. <\/p>\n<p>In der Industrie wird der Duft normalerweise abgef\u00fchrt nach dir Umgebung. F\u00fcr diese Anwendung wird da in der Abfluss von der Luft ein (gro\u00dfe) Dosis Ozon injiziert dass eventuell mit UV neutralisiert werden kann.<\/p>\n<p>&nbsp;<\/p>\n","protected":false},"excerpt":{"rendered":"<p>Das entfernen von Duft mit Ozon<\/p>\n","protected":false},"author":1,"featured_media":0,"parent":0,"menu_order":0,"comment_status":"open","ping_status":"open","template":"","meta":{"_et_pb_use_builder":"","_et_pb_old_content":"","_et_gb_content_width":"","footnotes":""},"class_list":["post-3426","page","type-page","status-publish","hentry"],"_links":{"self":[{"href":"https:\/\/tolwatertechniek.nl\/de\/wp-json\/wp\/v2\/pages\/3426","targetHints":{"allow":["GET"]}}],"collection":[{"href":"https:\/\/tolwatertechniek.nl\/de\/wp-json\/wp\/v2\/pages"}],"about":[{"href":"https:\/\/tolwatertechniek.nl\/de\/wp-json\/wp\/v2\/types\/page"}],"author":[{"embeddable":true,"href":"https:\/\/tolwatertechniek.nl\/de\/wp-json\/wp\/v2\/users\/1"}],"replies":[{"embeddable":true,"href":"https:\/\/tolwatertechniek.nl\/de\/wp-json\/wp\/v2\/comments?post=3426"}],"version-history":[{"count":4,"href":"https:\/\/tolwatertechniek.nl\/de\/wp-json\/wp\/v2\/pages\/3426\/revisions"}],"predecessor-version":[{"id":7815,"href":"https:\/\/tolwatertechniek.nl\/de\/wp-json\/wp\/v2\/pages\/3426\/revisions\/7815"}],"wp:attachment":[{"href":"https:\/\/tolwatertechniek.nl\/de\/wp-json\/wp\/v2\/media?parent=3426"}],"curies":[{"name":"wp","href":"https:\/\/api.w.org\/{rel}","templated":true}]}}