{"id":3423,"date":"2012-10-15T11:41:14","date_gmt":"2012-10-15T11:41:14","guid":{"rendered":""},"modified":"2022-10-26T06:53:51","modified_gmt":"2022-10-26T06:53:51","slug":"grundwasser-ozon-2","status":"publish","type":"page","link":"https:\/\/tolwatertechniek.nl\/de\/grundwasser-ozon-2\/","title":{"rendered":"Grundwasser Sanieren mit Ozon"},"content":{"rendered":"<p style=\"text-align: center;\"><strong>Grundwasser Sanieren mit Ozon<br \/>\n<\/strong><\/p>\n<p>Grundwasserverschmutzung ist ein zunehmend Problem. Sanieren von Grundwasser ist mit traditionelle Methoden teuer und dauert eine lange Zeit.  F\u00fcr ein Teil von das L\u00f6sen van das Problem kann Ozon eingesetzt werden. Ozon ist sehr effektiv und bek\u00e4mpft die folgende Verschmutzung: <\/p>\n<ul>\n<li>Kohlenwasserstoffe<\/li>\n<li>Diesel<\/li>\n<li>Fl\u00fcchtige organische Verbindungen <\/li>\n<li>MTBE (Methyl-tert- butylether)<\/li>\n<li>Pestiziden<\/li>\n<li>BTEX (Benzol, Toluol, Ethylbenzol,)<\/li>\n<li>Trichlor\u00e4then \/ Trichlorethylen<\/li>\n<li>Chlorierte L\u00f6sungsmittel<\/li>\n<li>Verschiedene andere Stoffe<\/li>\n<\/ul>\n<p>Viel von diese Stoffe werden angetroffen rund (petro)chemischen Firmen und Tankstellen. Ozon wird diese umsetzen in CO<sub>2<\/sub> oder weniger sch\u00e4dlichen Stoffe und Ozon zerf\u00e4llt in Sauerstoff. Das ist auch warum Ozon sehr saubere und umweltfreundliche Methode ist. Grundwasser Sanieren mit Ozon ist auch ein relativ einfache Methode. Ozon wird unter Druck eingemischt mit Grundwasser, danach reagiert Ozon mit die in das Wasser (und in der Grund!) anwesenden Verschmutzung.<br \/>\nDie Effektivit\u00e4t kann weiter erh\u00f6ht werden durch Ozon und Wasserstoffperoxid zusammen zu injizieren. Das hei\u00dft das peroxzone Prozess. Die Kombination aus Ozon und Wasserstoffperoxid f\u00fchrt zu die Erstehung von OH Radikale. OH Radikale sind sehr reaktiv und werden schnell reagieren mit Verschmutzung.  Aber es ist sehr wichtig um diese Stoffe in letzte Minute zusammen zu bringen! <\/p>\n<p>F\u00fcr weitere Informationen k\u00f6nnen Sie Tol Watertechniek kontaktieren.<\/p>\n<div id=\"attachment_6741\" style=\"width: 310px\" class=\"wp-caption aligncenter\"><a href=\"https:\/\/tolwatertechniek.nl\/wp-content\/uploads\/Venturi_skid.jpg\"><img fetchpriority=\"high\" fetchpriority=\"high\" decoding=\"async\" aria-describedby=\"caption-attachment-6741\" src=\"https:\/\/tolwatertechniek.nl\/wp-content\/uploads\/\/Venturi_skid-300x225.jpg\" alt=\"Grondwater saneren met ozon\" width=\"300\" height=\"225\" class=\"size-medium wp-image-6741\" srcset=\"https:\/\/tolwatertechniek.nl\/wp-content\/uploads\/Venturi_skid-300x225.jpg 300w, https:\/\/tolwatertechniek.nl\/wp-content\/uploads\/Venturi_skid-768x576.jpg 768w, https:\/\/tolwatertechniek.nl\/wp-content\/uploads\/Venturi_skid.jpg 1024w, https:\/\/tolwatertechniek.nl\/wp-content\/uploads\/Venturi_skid-510x382.jpg 510w, https:\/\/tolwatertechniek.nl\/wp-content\/uploads\/Venturi_skid-600x450.jpg 600w\" sizes=\"(max-width: 300px) 100vw, 300px\" \/><\/a><p id=\"caption-attachment-6741\" class=\"wp-caption-text\">Grundwasser Sanieren mit Ozon<\/p><\/div>\n","protected":false},"excerpt":{"rendered":"<p>Grundwasser reinigung mit Ozon<\/p>\n","protected":false},"author":1,"featured_media":0,"parent":0,"menu_order":0,"comment_status":"open","ping_status":"open","template":"","meta":{"_et_pb_use_builder":"","_et_pb_old_content":"","_et_gb_content_width":"","footnotes":""},"class_list":["post-3423","page","type-page","status-publish","hentry"],"_links":{"self":[{"href":"https:\/\/tolwatertechniek.nl\/de\/wp-json\/wp\/v2\/pages\/3423","targetHints":{"allow":["GET"]}}],"collection":[{"href":"https:\/\/tolwatertechniek.nl\/de\/wp-json\/wp\/v2\/pages"}],"about":[{"href":"https:\/\/tolwatertechniek.nl\/de\/wp-json\/wp\/v2\/types\/page"}],"author":[{"embeddable":true,"href":"https:\/\/tolwatertechniek.nl\/de\/wp-json\/wp\/v2\/users\/1"}],"replies":[{"embeddable":true,"href":"https:\/\/tolwatertechniek.nl\/de\/wp-json\/wp\/v2\/comments?post=3423"}],"version-history":[{"count":3,"href":"https:\/\/tolwatertechniek.nl\/de\/wp-json\/wp\/v2\/pages\/3423\/revisions"}],"predecessor-version":[{"id":7580,"href":"https:\/\/tolwatertechniek.nl\/de\/wp-json\/wp\/v2\/pages\/3423\/revisions\/7580"}],"wp:attachment":[{"href":"https:\/\/tolwatertechniek.nl\/de\/wp-json\/wp\/v2\/media?parent=3423"}],"curies":[{"name":"wp","href":"https:\/\/api.w.org\/{rel}","templated":true}]}}