{"id":3420,"date":"2012-10-15T11:21:09","date_gmt":"2012-10-15T11:21:09","guid":{"rendered":"https:\/\/tolwatertechniek.nl\/de\/Ozon-gaswassers\/"},"modified":"2020-11-11T18:27:44","modified_gmt":"2020-11-11T18:27:44","slug":"ozon-gaswaescher","status":"publish","type":"page","link":"https:\/\/tolwatertechniek.nl\/de\/ozon-gaswaescher\/","title":{"rendered":"Anwendung von Ozon in Gasw\u00e4schern"},"content":{"rendered":"<p>Ozon kann in Gasw\u00e4schern eingesetzt werden. Gasw\u00e4scher werden eingesetzt, um Verunreinigungen und Ger\u00fcche aus Gasstr\u00f6men zu entfernen. Der Vorgang kann auf dem Anhaften der Verschmutzung oder des Geruchs an den Wasserpartikeln basieren. In einigen F\u00e4llen ist ein Gasw\u00e4scher auch mit einem Bakterientr\u00e4ger gef\u00fcllt, der Bakterien dazu veranlasst, den Vorgang zu gew\u00e4hrleisten.<\/p>\n<p>In beiden F\u00e4llen wird Wasser an der Oberseite eines Gasw\u00e4schers zerst\u00e4ubt. Bei der erstgenannten Art werden h\u00e4ufig Chemikalien eingesetzt, um die Leistung zu verbessern.<\/p>\n<p>Gegenw\u00e4rtig wird die Ozoninjektion in Gasw\u00e4schern immer h\u00e4ufiger zur Verbesserung des Betriebs eingesetzt. In einigen F\u00e4llen kann Ozon die Verschmutzung oder den Geruch direkt oxidieren und Ozon kann verwendet werden, um den Gasw\u00e4scher frei von Ablagerungen an den W\u00e4nden und dem Tr\u00e4germaterial zu halten.<\/p>\n<p>Das Ozon wird in die Wasserversorgung des Gasw\u00e4schers injiziert, unsere Ozon-Desinfektionssysteme sind f\u00fcr diese Aufgabe entwickelt worden. Besonders in Gasw\u00e4schern, die zur Beseitigung von Geruch oder fl\u00fcchtigen organischen Verbindungen (VOC) eingesetzt werden, ist der Einsatz von Ozon sehr effektiv. Ozon wandelt VOCs durch Bindung an die Kohlenstoffatome in CO2 um.<\/p>\n<p>Die Verwendung von Ozon in Gasw\u00e4schern ist relativ neu, aber die Aussichten f\u00fcr den Einsatz von Ozon sind gut. Dies ist zum Teil auf die geringeren Reinigungskosten und die niedrigeren Verbrauchskosten f\u00fcr Chemikalien zur\u00fcckzuf\u00fchren.<\/p>\n","protected":false},"excerpt":{"rendered":"<p>Anwendung von Ozon in Gasw\u00e4schern<\/p>\n","protected":false},"author":1,"featured_media":0,"parent":0,"menu_order":0,"comment_status":"open","ping_status":"open","template":"","meta":{"_et_pb_use_builder":"","_et_pb_old_content":"","_et_gb_content_width":"","footnotes":""},"class_list":["post-3420","page","type-page","status-publish","hentry"],"_links":{"self":[{"href":"https:\/\/tolwatertechniek.nl\/de\/wp-json\/wp\/v2\/pages\/3420","targetHints":{"allow":["GET"]}}],"collection":[{"href":"https:\/\/tolwatertechniek.nl\/de\/wp-json\/wp\/v2\/pages"}],"about":[{"href":"https:\/\/tolwatertechniek.nl\/de\/wp-json\/wp\/v2\/types\/page"}],"author":[{"embeddable":true,"href":"https:\/\/tolwatertechniek.nl\/de\/wp-json\/wp\/v2\/users\/1"}],"replies":[{"embeddable":true,"href":"https:\/\/tolwatertechniek.nl\/de\/wp-json\/wp\/v2\/comments?post=3420"}],"version-history":[{"count":3,"href":"https:\/\/tolwatertechniek.nl\/de\/wp-json\/wp\/v2\/pages\/3420\/revisions"}],"predecessor-version":[{"id":6166,"href":"https:\/\/tolwatertechniek.nl\/de\/wp-json\/wp\/v2\/pages\/3420\/revisions\/6166"}],"wp:attachment":[{"href":"https:\/\/tolwatertechniek.nl\/de\/wp-json\/wp\/v2\/media?parent=3420"}],"curies":[{"name":"wp","href":"https:\/\/api.w.org\/{rel}","templated":true}]}}