{"id":3417,"date":"2012-10-12T11:46:25","date_gmt":"2012-10-12T11:46:25","guid":{"rendered":""},"modified":"2022-10-25T11:37:02","modified_gmt":"2022-10-25T11:37:02","slug":"desinfektion-spuelwasser-2","status":"publish","type":"page","link":"https:\/\/tolwatertechniek.nl\/de\/desinfektion-spuelwasser-2\/","title":{"rendered":"Desinfektion von Sp\u00fclwasser"},"content":{"rendered":"<p>Desinfektion von Sp\u00fclwasser wird immer wichtiger. Dies gilt insbesondere f\u00fcr zum Beispiel Sp\u00fclwasser von Flaschen W\u00e4scher, Kistenwaschanlagen, etc. Ozon ist ein sehr gut alternativ f\u00fcr traditionelle Mitteln f\u00fcr Desinfektion. Ozon ist sehr umweltfreundlich und lasst kein chemische R\u00fcckstande hinter.<br \/>\nImmer mehr Verpackungsmaterialien werden heute wiederverwendet. (Soda) Flaschen zum Beispiel, oder Kisten f\u00fcr Transport von Lebensmittel. Um diese Flaschen und Kisten sicher zu verwenden ist es notwendig um diese gut zu desinfizieren. Einerseits weil es nicht zur\u00fcck zu verfolgen ist wof\u00fcr die Produkte in der Zwischenzeit verwendet werden. Aber auch nat\u00fcrlich wegen m\u00f6gliche Kiemen in oder auf die Produkte.  <\/p>\n<p>Desinfektion von Sp\u00fclwasser mit Ozon kann angewendet werden um Flaschen und Kisten zu reinigen und desinfizieren. Die Vorteile sind offensichtlich:<\/p>\n<ul>\n<li>Ozon ist sicher in der Anwendung<\/li>\n<li>Es bleiben keine sch\u00e4dlichen R\u00fcckstande enthalten in das gereinigte Produkt<\/li>\n<li>Ozon lasst kein Geschmack und Geruch hinter<\/li>\n<li>Es gibt keine Notwendigkeit f\u00fcr Lagerung von (gef\u00e4hrliche) Chemikalien<\/li>\n<li>Niedrig Energieverbrauch <\/li>\n<li>Ozon ist sehr umweltfreundlich<\/li>\n<\/ul>\n<p>In fast alle F\u00e4llen ist es m\u00f6glich um ein Ozon System zu integrieren in die Wasserversorgung von ein Flaschen- oder Kistenwaschanlage. Anpassungen an die Waschanlage sind oft nicht notwendig und es macht meist auch ein Ersparnis von das Wasserverbrauch. Daher ist Ozon ein sehr interessant Desinfektionsmittel.<\/p>\n<div id=\"attachment_4202\" style=\"width: 310px\" class=\"wp-caption aligncenter\"><a href=\"https:\/\/tolwatertechniek.nl\/wp-content\/uploads\/ozon-waterbottelarij-2.jpg\"><img fetchpriority=\"high\" fetchpriority=\"high\" decoding=\"async\" aria-describedby=\"caption-attachment-4202\" src=\"https:\/\/tolwatertechniek.nl\/wp-content\/uploads\/\/ozon-waterbottelarij-2-300x261.jpg\" alt=\"Desinfectie van spoelwater\" width=\"300\" height=\"261\" class=\"size-medium wp-image-4202\" srcset=\"https:\/\/tolwatertechniek.nl\/wp-content\/uploads\/ozon-waterbottelarij-2-300x261.jpg 300w, https:\/\/tolwatertechniek.nl\/wp-content\/uploads\/ozon-waterbottelarij-2-768x668.jpg 768w, https:\/\/tolwatertechniek.nl\/wp-content\/uploads\/ozon-waterbottelarij-2-1024x890.jpg 1024w, https:\/\/tolwatertechniek.nl\/wp-content\/uploads\/ozon-waterbottelarij-2-1080x939.jpg 1080w, https:\/\/tolwatertechniek.nl\/wp-content\/uploads\/ozon-waterbottelarij-2-600x522.jpg 600w\" sizes=\"(max-width: 300px) 100vw, 300px\" \/><\/a><p id=\"caption-attachment-4202\" class=\"wp-caption-text\">Desinfektion von Sp\u00fclwasser<\/p><\/div>\n","protected":false},"excerpt":{"rendered":"<p>Desinfektion von Sp\u00fclwasser<\/p>\n","protected":false},"author":1,"featured_media":0,"parent":0,"menu_order":0,"comment_status":"open","ping_status":"open","template":"","meta":{"_et_pb_use_builder":"","_et_pb_old_content":"","_et_gb_content_width":"","footnotes":""},"class_list":["post-3417","page","type-page","status-publish","hentry"],"_links":{"self":[{"href":"https:\/\/tolwatertechniek.nl\/de\/wp-json\/wp\/v2\/pages\/3417","targetHints":{"allow":["GET"]}}],"collection":[{"href":"https:\/\/tolwatertechniek.nl\/de\/wp-json\/wp\/v2\/pages"}],"about":[{"href":"https:\/\/tolwatertechniek.nl\/de\/wp-json\/wp\/v2\/types\/page"}],"author":[{"embeddable":true,"href":"https:\/\/tolwatertechniek.nl\/de\/wp-json\/wp\/v2\/users\/1"}],"replies":[{"embeddable":true,"href":"https:\/\/tolwatertechniek.nl\/de\/wp-json\/wp\/v2\/comments?post=3417"}],"version-history":[{"count":3,"href":"https:\/\/tolwatertechniek.nl\/de\/wp-json\/wp\/v2\/pages\/3417\/revisions"}],"predecessor-version":[{"id":7576,"href":"https:\/\/tolwatertechniek.nl\/de\/wp-json\/wp\/v2\/pages\/3417\/revisions\/7576"}],"wp:attachment":[{"href":"https:\/\/tolwatertechniek.nl\/de\/wp-json\/wp\/v2\/media?parent=3417"}],"curies":[{"name":"wp","href":"https:\/\/api.w.org\/{rel}","templated":true}]}}