{"id":3411,"date":"2012-10-11T13:37:53","date_gmt":"2012-10-11T13:37:53","guid":{"rendered":""},"modified":"2022-10-26T11:22:56","modified_gmt":"2022-10-26T11:22:56","slug":"lagerung-gemuese-obst","status":"publish","type":"page","link":"https:\/\/tolwatertechniek.nl\/de\/lagerung-gemuese-obst\/","title":{"rendered":"Der Verl\u00e4ngerung von die Haltbarkeit mit Ozon"},"content":{"rendered":"<p>Der Verl\u00e4ngerung von die Haltbarkeit mit Ozon ist ein Technik die immer h\u00e4ufiger angewendet wird. Normalerweise wird Gem\u00fcse und Obst f\u00fcr l\u00e4ngere Zeit (gek\u00fchlt) aufbewahrt. Ozon kann hilfen um die Haltbarkeit von Gem\u00fcse und Obst zu erh\u00f6hen, die Lebensmittel bleiben langer frisch.<br \/>\nEs gibt Zwei Methoden um die Haltbarkeit zu erh\u00f6hen. Die erste ist das ozonisieren von das Produkt bevor es der Lagerraum in geht. Der zweite Methode ist das Dosieren von Ozon in der Lagerraum.   <\/p>\n<p>Die erste Methode wird h\u00e4ufiger angewendet f\u00fcr Produkte die schnell verpackt und im Umlauf gebracht werden. Diese Methode wird ausf\u00fchrlicher beschrieben auf der Folgende Seite: <em><strong><a title=\"Wassen \/ desinfecteren van groente en fruit\" href=\"https:\/\/tolwatertechniek.nl\/desinfectie-groente-fruit\/\" target=\"_blank\" rel=\"noopener noreferrer\">Wassen \/ desinfecteren van groente en fruit<\/a><\/strong><\/em> .<br \/>\nDer zweite Methode wird oft angewendet f\u00fcr Produkte die f\u00fcr lange Zeit gelagert werden, zum Beispiel \u00c4pfeln und Birnen.<br \/>\nDie Auswirkung von Ozon besteht aus Zwei Teile, einerseits t\u00f6tet Ozon Bakterien und Pilze. Andererseits oxidiert Ozon auch Ethylen. Viele Gem\u00fcse- und Obstsorten scheiden Ethylen aus und das beschleunigt Reifungsprozess. Ozon oxidiert Ethylen so dass die Reifung langsamer geht und Ihre Produkte l\u00e4nger Frisch sein. <\/p>\n<p>Die Anwendung von Ozon ist nicht nur n\u00fctzlich bei die Lagerung von Gem\u00fcse und Obst aber auch f\u00fcr, zum Beispiel, die Lagerung von K\u00e4se, Eier, Kartoffeln, etc. Der Verl\u00e4ngerung von die Haltbarkeit mit Ozon variiert von ein paar Tage bis ein paar Monaten.  <\/p>\n<div id=\"attachment_6764\" style=\"width: 310px\" class=\"wp-caption aligncenter\"><a href=\"https:\/\/tolwatertechniek.nl\/wp-content\/uploads\/\/apples-6741164_1920-300x200.jpg\"><img fetchpriority=\"high\" fetchpriority=\"high\" decoding=\"async\" aria-describedby=\"caption-attachment-6764\" src=\"https:\/\/tolwatertechniek.nl\/wp-content\/uploads\/\/apples-6741164_1920-300x200.jpg\" alt=\"Verlengen van houdbaarheid met ozon\" width=\"300\" height=\"200\" class=\"size-medium wp-image-6764\" srcset=\"https:\/\/tolwatertechniek.nl\/wp-content\/uploads\/apples-6741164_1920-300x200.jpg 300w, https:\/\/tolwatertechniek.nl\/wp-content\/uploads\/apples-6741164_1920-1024x683.jpg 1024w, https:\/\/tolwatertechniek.nl\/wp-content\/uploads\/apples-6741164_1920-768x512.jpg 768w, https:\/\/tolwatertechniek.nl\/wp-content\/uploads\/apples-6741164_1920-1536x1024.jpg 1536w, https:\/\/tolwatertechniek.nl\/wp-content\/uploads\/apples-6741164_1920-1080x720.jpg 1080w, https:\/\/tolwatertechniek.nl\/wp-content\/uploads\/apples-6741164_1920-1280x853.jpg 1280w, https:\/\/tolwatertechniek.nl\/wp-content\/uploads\/apples-6741164_1920-980x653.jpg 980w, https:\/\/tolwatertechniek.nl\/wp-content\/uploads\/apples-6741164_1920-480x320.jpg 480w, https:\/\/tolwatertechniek.nl\/wp-content\/uploads\/apples-6741164_1920-600x400.jpg 600w, https:\/\/tolwatertechniek.nl\/wp-content\/uploads\/apples-6741164_1920.jpg 1920w\" sizes=\"(max-width: 300px) 100vw, 300px\" \/><\/a><p id=\"caption-attachment-6764\" class=\"wp-caption-text\">Der Verl\u00e4ngerung von die Haltbarkeit mit Ozon<\/p><\/div>\n<p>F\u00fcr weitere Informationen \u00fcber die N\u00fctzlichkeit von Ozon bei Lagerung von Ihre Produkte k\u00f6nnen Sie gern Kontakt aufnehmen. <\/p>\n","protected":false},"excerpt":{"rendered":"<p>Der Verl\u00e4ngerung von die Haltbarkeit mit Ozon<\/p>\n","protected":false},"author":1,"featured_media":0,"parent":0,"menu_order":0,"comment_status":"open","ping_status":"open","template":"","meta":{"_et_pb_use_builder":"","_et_pb_old_content":"","_et_gb_content_width":"","footnotes":""},"class_list":["post-3411","page","type-page","status-publish","hentry"],"_links":{"self":[{"href":"https:\/\/tolwatertechniek.nl\/de\/wp-json\/wp\/v2\/pages\/3411","targetHints":{"allow":["GET"]}}],"collection":[{"href":"https:\/\/tolwatertechniek.nl\/de\/wp-json\/wp\/v2\/pages"}],"about":[{"href":"https:\/\/tolwatertechniek.nl\/de\/wp-json\/wp\/v2\/types\/page"}],"author":[{"embeddable":true,"href":"https:\/\/tolwatertechniek.nl\/de\/wp-json\/wp\/v2\/users\/1"}],"replies":[{"embeddable":true,"href":"https:\/\/tolwatertechniek.nl\/de\/wp-json\/wp\/v2\/comments?post=3411"}],"version-history":[{"count":3,"href":"https:\/\/tolwatertechniek.nl\/de\/wp-json\/wp\/v2\/pages\/3411\/revisions"}],"predecessor-version":[{"id":7583,"href":"https:\/\/tolwatertechniek.nl\/de\/wp-json\/wp\/v2\/pages\/3411\/revisions\/7583"}],"wp:attachment":[{"href":"https:\/\/tolwatertechniek.nl\/de\/wp-json\/wp\/v2\/media?parent=3411"}],"curies":[{"name":"wp","href":"https:\/\/api.w.org\/{rel}","templated":true}]}}