{"id":3408,"date":"2012-10-09T07:45:35","date_gmt":"2012-10-09T07:45:35","guid":{"rendered":""},"modified":"2023-04-23T06:53:22","modified_gmt":"2023-04-23T06:53:22","slug":"ozon-anwendung-desinfektion-oxidation","status":"publish","type":"page","link":"https:\/\/tolwatertechniek.nl\/de\/ozon-anwendung-desinfektion-oxidation\/","title":{"rendered":"Anwendungen von Ozon"},"content":{"rendered":"<p>Ozon hat viele Anwendungsm\u00f6glichkeiten. Die Desinfektion mit Ozon hat in letzter Zeit (u.a. durch Covid19) enorm zugenommen. Ozon wird aber auch eingesetzt, um beispielsweise die Haltbarkeit von Obst und Gem\u00fcse zu verl\u00e4ngern. Aber auch zur Desinfektion von Flaschen vor deren Abf\u00fcllung. Ozon kann f\u00fcr fast alle Desinfektionsanwendungen eingesetzt werden. Die Anwendung der Ozon-Desinfektion ist sehr breit gef\u00e4chert und hat viele Vorteile gegen\u00fcber anderen Desinfektionsmethoden wie z.B. Chlor, n\u00e4mlich:<\/p>\n<ul>\n<li>Sehr starkes Oxidationsmittel<\/li>\n<li>Hinterl\u00e4sst keine sch\u00e4dlichen R\u00fcckst\u00e4nde<\/li>\n<li>Umweltfreundlich<\/li>\n<li>Hat eine 3000x st\u00e4rkere keimt\u00f6tende Wirkung als Chlor<\/li>\n<li>Wirkt um ein Vielfaches schneller als Chlor<\/li>\n<li>Keine Lagerung von Chemikalien erforderlich<\/li>\n<li>Niedrige Betriebskosten<\/li>\n<li>Hinterl\u00e4sst keinen Geschmack oder Geruch<\/li>\n<li>Keine Resistenz von Bakterien und Viren gegen Ozon m\u00f6glich<\/li>\n<\/ul>\n<p>Nachstehend sind eine Reihe von Anwendungen von Ozon aufgelistet, f\u00fcr eine detaillierte Beschreibung des konkreten Falles k\u00f6nnen Sie auf den betreffenden Fall klicken:<\/p>\n<ul>\n<li><a href=\"https:\/\/tolwatertechniek.nl\/de\/algen\/\"><strong><em><u>Beseitigung von Algen mit Ozon<\/u><\/em><\/strong><\/a><\/li>\n<li><a href=\"https:\/\/tolwatertechniek.nl\/de\/ozon-teich\/\"><strong><em><u>Behandlung von Teichwasser<\/u><\/em><\/strong><\/a><\/li>\n<li><a href=\"https:\/\/tolwatertechniek.nl\/de\/chlorfreies-schwimmbad\/\"><strong><em><u>Behandlung von Schwimmbadwasser<\/u><\/em><\/strong><\/a><\/li>\n<li><a href=\"https:\/\/tolwatertechniek.nl\/de\/abwasser-desinfektion-2\/\"><strong><em><u>Desinfektion von Abwasser<\/u><\/em><\/strong><\/a><\/li>\n<li><a href=\"https:\/\/tolwatertechniek.nl\/de\/desinfektion-spuelwasser-2\/\"><strong><em><u>Desinfektion von Sp\u00fclwasser<\/u><\/em><\/strong><\/a><\/li>\n<li><a href=\"https:\/\/tolwatertechniek.nl\/de\/luftdesinfektion-mit-ozon\/\"><strong><em><u>Desinfektion von Luft<\/u><\/em><\/strong><\/a><\/li>\n<li><a href=\"https:\/\/tolwatertechniek.nl\/de\/ebola\/\"><strong><em><u>Ebola und Ozon<\/u><\/em><\/strong><\/a><\/li>\n<li><a href=\"https:\/\/tolwatertechniek.nl\/de\/grundwasser-ozon-2\/\"><strong><em><u>Grundwasserreinigung mit Ozon<\/u><\/em><\/strong><\/a><\/li>\n<li><a href=\"https:\/\/tolwatertechniek.nl\/de\/aquakultur-2\/\"><strong><em><u>Einsatz von Ozon in Fischzucht und Aquakultur<\/u><\/em><\/strong><\/a><\/li>\n<li><a href=\"https:\/\/tolwatertechniek.nl\/de\/eisen-manganentfernung-2\/\"><strong><em><u>Entfernung von Eisen und Mangan<\/u><\/em><\/strong><\/a><\/li>\n<li><a href=\"https:\/\/tolwatertechniek.nl\/de\/ozon-kuehltuerme-2\/\"><strong><em><u>K\u00fchlt\u00fcrme und Ozon<\/u><\/em><\/strong><\/a><\/li>\n<li><a href=\"https:\/\/tolwatertechniek.nl\/de\/lagerung-gemuese-obst\/\"><strong><em><u>Lagerung von Obst und Gem\u00fcse<\/u><\/em><\/strong><\/a><\/li>\n<li><a href=\"https:\/\/tolwatertechniek.nl\/de\/schwefelwasserstoff\/\"><strong><em><u>Oxidation von Schwefelwasserstoff (H2S)<\/u><\/em><\/strong><\/a><\/li>\n<li><a href=\"https:\/\/tolwatertechniek.nl\/de\/aquakultur-2\/\"><strong><em><u>Ozon und Aquakultur<\/u><\/em><\/strong><\/a><\/li>\n<li><a href=\"https:\/\/tolwatertechniek.nl\/de\/ozon-blumenzwiebeln\/\"><strong><em><u>Ozon und Blumenzwiebeln<\/u><\/em><\/strong><\/a><\/li>\n<li><a href=\"https:\/\/tolwatertechniek.nl\/de\/ozon-olivenoel\/\"><strong><em><u>Ozon und Oliven\u00f6l<\/u><\/em><\/strong><\/a><\/li>\n<li><a href=\"https:\/\/tolwatertechniek.nl\/de\/ozon-ehec-ecoli\/\"><strong><em><u>Ozon und Lebensmittelsicherheit (E.coli, EHEC)<\/u><\/em><\/strong><\/a><\/li>\n<li><a href=\"https:\/\/tolwatertechniek.nl\/de\/oberflaechen-reinigen\/\"><strong><em><u>Reinigung von Oberfl\u00e4chen<\/u><\/em><\/strong><\/a><\/li>\n<li><a href=\"https:\/\/tolwatertechniek.nl\/de\/ozon-gaswaescher\/\"><strong><em><u>Anwendung von Ozon in Gasw\u00e4schern<\/u><\/em><\/strong><\/a><\/li>\n<li><a href=\"https:\/\/tolwatertechniek.nl\/de\/geruchsentfernendes-ozon\/\"><strong><em><u>Geruchsbeseitigung<\/u><\/em><\/strong><\/a><\/li>\n<li><a href=\"https:\/\/tolwatertechniek.nl\/de\/antibiotika-medikamente-wasser\/\"><strong><em><u>Entfernung von Hormonen, Antibiotika und Medikamentenr\u00fcckst\u00e4nden<\/u><\/em><\/strong><\/a><\/li>\n<li><a href=\"https:\/\/tolwatertechniek.nl\/de\/verfaerbung\/\"><strong><em><u>Entfernung von Verf\u00e4rbungen und Bleichen von Papier und W\u00e4sche<\/u><\/em><\/strong><\/a><\/li>\n<li><a href=\"https:\/\/tolwatertechniek.nl\/de\/desinfektion-gemuese-fruechte\/\"><strong><em><u>Waschen\/Desinfektion von Obst und Gem\u00fcse<\/u><\/em><\/strong><\/a><\/li>\n<li><a href=\"https:\/\/tolwatertechniek.nl\/de\/reinigung-beckenwasser-zoos-2\/\"><strong><em><u>Reinigung von Teichwasser f\u00fcr Zoos<\/u><\/em><\/strong><\/a><\/li>\n<\/ul>\n<p>&nbsp;<\/p>\n","protected":false},"excerpt":{"rendered":"<p>Anwendungen von Ozon<\/p>\n","protected":false},"author":1,"featured_media":0,"parent":0,"menu_order":0,"comment_status":"open","ping_status":"open","template":"","meta":{"_et_pb_use_builder":"","_et_pb_old_content":"","_et_gb_content_width":"","footnotes":""},"class_list":["post-3408","page","type-page","status-publish","hentry"],"_links":{"self":[{"href":"https:\/\/tolwatertechniek.nl\/de\/wp-json\/wp\/v2\/pages\/3408","targetHints":{"allow":["GET"]}}],"collection":[{"href":"https:\/\/tolwatertechniek.nl\/de\/wp-json\/wp\/v2\/pages"}],"about":[{"href":"https:\/\/tolwatertechniek.nl\/de\/wp-json\/wp\/v2\/types\/page"}],"author":[{"embeddable":true,"href":"https:\/\/tolwatertechniek.nl\/de\/wp-json\/wp\/v2\/users\/1"}],"replies":[{"embeddable":true,"href":"https:\/\/tolwatertechniek.nl\/de\/wp-json\/wp\/v2\/comments?post=3408"}],"version-history":[{"count":5,"href":"https:\/\/tolwatertechniek.nl\/de\/wp-json\/wp\/v2\/pages\/3408\/revisions"}],"predecessor-version":[{"id":6366,"href":"https:\/\/tolwatertechniek.nl\/de\/wp-json\/wp\/v2\/pages\/3408\/revisions\/6366"}],"wp:attachment":[{"href":"https:\/\/tolwatertechniek.nl\/de\/wp-json\/wp\/v2\/media?parent=3408"}],"curies":[{"name":"wp","href":"https:\/\/api.w.org\/{rel}","templated":true}]}}