{"id":3269,"date":"2010-12-17T19:52:36","date_gmt":"2010-12-17T19:52:36","guid":{"rendered":""},"modified":"2020-11-02T18:03:05","modified_gmt":"2020-11-02T18:03:05","slug":"aquakultur-2","status":"publish","type":"page","link":"https:\/\/tolwatertechniek.nl\/de\/aquakultur-2\/","title":{"rendered":"Ozon und Aquakultur \/ Fischzucht"},"content":{"rendered":"<p>Ozon wird seit einiger Zeit in der Aquakultur eingesetzt. Ozon hat einige einzigartige Vorteile f\u00fcr die Aquakultur, die mit anderen Techniken nur schwer zu erreichen sind. Es bietet unter anderem:<\/p>\n<ul>\n<li>H\u00f6heres Wachstum und damit Kosteneinsparungen<\/li>\n<li>Reduzierter Sauerstoffverbrauch<\/li>\n<li>Klareres Wasser, wodurch eventuelle Probleme schneller erkannt werden k\u00f6nnen<\/li>\n<li>Verbesserung der Wasserqualit\u00e4t zur Verringerung des Krankheitsrisikos<\/li>\n<\/ul>\n<p>Die Wirksamkeit von Ozon in der Aquakultur h\u00e4ngt jedoch von der Anordnung des Ozonsystems und der Ozondosis ab. Fische reagieren extrem empfindlich auf gel\u00f6stes Ozon im Wasser, dies erfordert eine gute Kenntnis der Anwendung von Ozon w\u00e4hrend der Konstruktion. Die Risiken des im Wasser gel\u00f6sten Ozons k\u00f6nnen durch eine gute Anpassung minimiert werden.<\/p>\n<p>In der Praxis sehen wir manchmal, dass das Ozon direkt in die R\u00fccklaufleitung zu den Becken eingeblasen wird, ein gutes Beispiel daf\u00fcr, wie man es nicht tun sollte!<\/p>\n<p>Bitte z\u00f6gern Sie nicht, uns zu kontaktieren, um sich \u00fcber die M\u00f6glichkeiten zu erkundigen.<\/p>\n<p>\u00a9 Tol Watertechniek<\/p>\n","protected":false},"excerpt":{"rendered":"<p>Ozon und Aquakultur \/ Fischzucht<\/p>\n","protected":false},"author":1,"featured_media":0,"parent":0,"menu_order":0,"comment_status":"open","ping_status":"open","template":"","meta":{"_et_pb_use_builder":"","_et_pb_old_content":"","_et_gb_content_width":"","footnotes":""},"class_list":["post-3269","page","type-page","status-publish","hentry"],"_links":{"self":[{"href":"https:\/\/tolwatertechniek.nl\/de\/wp-json\/wp\/v2\/pages\/3269","targetHints":{"allow":["GET"]}}],"collection":[{"href":"https:\/\/tolwatertechniek.nl\/de\/wp-json\/wp\/v2\/pages"}],"about":[{"href":"https:\/\/tolwatertechniek.nl\/de\/wp-json\/wp\/v2\/types\/page"}],"author":[{"embeddable":true,"href":"https:\/\/tolwatertechniek.nl\/de\/wp-json\/wp\/v2\/users\/1"}],"replies":[{"embeddable":true,"href":"https:\/\/tolwatertechniek.nl\/de\/wp-json\/wp\/v2\/comments?post=3269"}],"version-history":[{"count":2,"href":"https:\/\/tolwatertechniek.nl\/de\/wp-json\/wp\/v2\/pages\/3269\/revisions"}],"predecessor-version":[{"id":5953,"href":"https:\/\/tolwatertechniek.nl\/de\/wp-json\/wp\/v2\/pages\/3269\/revisions\/5953"}],"wp:attachment":[{"href":"https:\/\/tolwatertechniek.nl\/de\/wp-json\/wp\/v2\/media?parent=3269"}],"curies":[{"name":"wp","href":"https:\/\/api.w.org\/{rel}","templated":true}]}}