{"id":3266,"date":"2010-12-17T19:39:33","date_gmt":"2010-12-17T19:39:33","guid":{"rendered":""},"modified":"2022-10-14T08:51:08","modified_gmt":"2022-10-14T08:51:08","slug":"chlorfreies-schwimmbad","status":"publish","type":"page","link":"https:\/\/tolwatertechniek.nl\/de\/chlorfreies-schwimmbad\/","title":{"rendered":"Chlorfrei Schwimmbad"},"content":{"rendered":"<p style=\"text-align: center;\"><strong>Chlorfrei Schwimmen in ein Schwimmbad mit Ozon<\/strong><\/p>\n<p>M\u00f6chten Sie Chlorfrei Schwimmen? Mit Hilfe von Ozon ist das sehr gut m\u00f6glich. <a href=\"https:\/\/tolwatertechniek.nl\/wp-content\/uploads\/zwembad-ozon.jpg\"><img fetchpriority=\"high\" fetchpriority=\"high\" decoding=\"async\" class=\"alignright size-full wp-image-7290\" src=\"https:\/\/tolwatertechniek.nl\/wp-content\/uploads\/zwembad-ozon.jpg\" alt=\"zwembad met ozon\" width=\"286\" height=\"176\" \/><\/a><\/p>\n<p>Die Verwendung von Ozon in \u00f6ffentliche Schwimmb\u00e4der nimmt zu. Dies h\u00e4ngt mit die drastisch geringer Verwendung von Chlor zusammen. Aber das Risiko von Irritationen von Augen und Atemwege ist auch viel geringer. Besonders Menschen mit Atemprobleme profitieren von Chlorfrei Schwimmen, es reduziert ihre Symptome beim Schwimmen.<br \/>\nF\u00fcr ein privaten Pool ist es erlaubt um die Chlor Dosierung v\u00f6llig zu ersetzen durch ein Ozon Installation\/Ozon System. Dies hei\u00dft ein Chlorfrei Schwimmbad, worin Ozon eingesetzt werden kann als Alternativ f\u00fcr Chlor.  <\/p>\n<p>Die Verwendung von Ozon in \u00f6ffentliche Schwimmb\u00e4der ist erlaubt sofern da ein messbar Gehalt an frei Chlor anwesend ist, das ist gesetzlich geregelt. Das bedeutet dass da immer Chlor dosiert werden muss, aber viel weniger als in Schwimmb\u00e4der ohne Ozon. In \u00f6ffentliche Schwimmb\u00e4der ist es daher nicht erlaubt um Chlorfrei zu arbeiten, aber doch reduziert Ozon der Verbrauch und Symptome drastisch<\/p>\n<p>Die Anwendung von Ozon in Schwimmb\u00e4der ben\u00f6tigt eine gr\u00fcndliche Kenntnis von sowohl Ozon als Filtration von Schwimmb\u00e4der. Tol Watertechniek liefert und installiert Ozon Systeme (und Filter Systeme) um Schwimmbad Wasser zu behandeln. Und nat\u00fcrlich k\u00f6nnen wir Sie beraten und begleiten, kontaktieren Sie und f\u00fcr weitere Informationen.<\/p>\n<p><strong> <\/strong><\/p>\n","protected":false},"excerpt":{"rendered":"<p>Chlorfrei Schwimmbad<\/p>\n","protected":false},"author":1,"featured_media":0,"parent":0,"menu_order":0,"comment_status":"open","ping_status":"open","template":"","meta":{"_et_pb_use_builder":"","_et_pb_old_content":"","_et_gb_content_width":"","footnotes":""},"class_list":["post-3266","page","type-page","status-publish","hentry"],"_links":{"self":[{"href":"https:\/\/tolwatertechniek.nl\/de\/wp-json\/wp\/v2\/pages\/3266","targetHints":{"allow":["GET"]}}],"collection":[{"href":"https:\/\/tolwatertechniek.nl\/de\/wp-json\/wp\/v2\/pages"}],"about":[{"href":"https:\/\/tolwatertechniek.nl\/de\/wp-json\/wp\/v2\/types\/page"}],"author":[{"embeddable":true,"href":"https:\/\/tolwatertechniek.nl\/de\/wp-json\/wp\/v2\/users\/1"}],"replies":[{"embeddable":true,"href":"https:\/\/tolwatertechniek.nl\/de\/wp-json\/wp\/v2\/comments?post=3266"}],"version-history":[{"count":3,"href":"https:\/\/tolwatertechniek.nl\/de\/wp-json\/wp\/v2\/pages\/3266\/revisions"}],"predecessor-version":[{"id":7567,"href":"https:\/\/tolwatertechniek.nl\/de\/wp-json\/wp\/v2\/pages\/3266\/revisions\/7567"}],"wp:attachment":[{"href":"https:\/\/tolwatertechniek.nl\/de\/wp-json\/wp\/v2\/media?parent=3266"}],"curies":[{"name":"wp","href":"https:\/\/api.w.org\/{rel}","templated":true}]}}