{"id":3263,"date":"2010-12-17T19:38:50","date_gmt":"2010-12-17T19:38:50","guid":{"rendered":""},"modified":"2020-11-18T20:25:33","modified_gmt":"2020-11-18T20:25:33","slug":"ozon-teich","status":"publish","type":"page","link":"https:\/\/tolwatertechniek.nl\/de\/ozon-teich\/","title":{"rendered":"Ozon Teich"},"content":{"rendered":"<p><strong>Ozon zur Wasseraufbereitung in einem Koiteich<\/strong><\/p>\n<p>Leiden Sie unter einem gelben Schimmer in Ihrem Teichwasser? W\u00e4chst Ihr Koi schlecht oder leiden Sie oft an kranken Koi? Ozon kann Sie von all diesen Problemen befreien.<\/p>\n<p>Durch den Einsatz einer Ozonanlage werden Stoffe aus Ihrem Teichwasser entfernt, die mit anderen Methoden nur sehr schwer zu entfernen sind. Mit Ozon ist Ihr Teichwasser kristallklar, wei\u00dfe Koi sehen wirklich wei\u00df aus! Neben der Entfernung von Farbstoffen ist ein Ozonsystem auch sehr gut geeignet, um den Krankheitsdruck in einem Teich zu reduzieren. Ozon t\u00f6tet Bakterien, Parasiten, Pilze und Viren, so dass Ozon in der Lage ist, den Krankheitsbefall zu reduzieren.<\/p>\n<p>Mit Ozon ist auch ein h\u00f6heres Wachstum Ihrer Koi zu erreichen, Ozon baut Hormone und Pheromone ab.<\/p>\n<p>Unten sehen Sie die Vorteile noch einmal in einer Reihe:<\/p>\n<ul>\n<li>Entfernung von Farbstoffen<\/li>\n<li>Abt\u00f6ten von Bakterien, Parasiten und Viren<\/li>\n<li>Entfernung von Hormonen und Pheromonen, f\u00fchrt zu h\u00f6herem Wachstum<\/li>\n<li>hinterl\u00e4sst reinen Sauerstoff als R\u00fcckstand<\/li>\n<li>Unterdr\u00fcckung von Nitrit-Spitzen<\/li>\n<\/ul>\n<p>Ozon kann sehr gut zur Filterung eines Teiches verwendet werden, ein Teich kann jedoch nicht allein mit Ozon gefiltert werden. Bei der Verwendung von Ozon wird immer ein Filtersystem erforderlich sein.<\/p>\n<p>Zus\u00e4tzlich zu den oben genannten Anwendungen gibt es viele weitere Vorteile des Einsatzes von Ozon an Teichen. Bitte z\u00f6gern Sie nicht, uns f\u00fcr weitere Informationen zu kontaktieren oder schauen Sie sich die folgende Informationsseite an: <em><u><a href=\"https:\/\/tolwatertechniek.nl\/de\/information-ozon-koiteich\/\">Informationen \u00fcber die Wirkung von Ozon auf einen Koiteich<\/a>.<\/u><\/em><\/p>\n","protected":false},"excerpt":{"rendered":"<p>Ozon-Teich<\/p>\n","protected":false},"author":1,"featured_media":0,"parent":0,"menu_order":0,"comment_status":"open","ping_status":"open","template":"","meta":{"_et_pb_use_builder":"","_et_pb_old_content":"","_et_gb_content_width":"","footnotes":""},"class_list":["post-3263","page","type-page","status-publish","hentry"],"_links":{"self":[{"href":"https:\/\/tolwatertechniek.nl\/de\/wp-json\/wp\/v2\/pages\/3263","targetHints":{"allow":["GET"]}}],"collection":[{"href":"https:\/\/tolwatertechniek.nl\/de\/wp-json\/wp\/v2\/pages"}],"about":[{"href":"https:\/\/tolwatertechniek.nl\/de\/wp-json\/wp\/v2\/types\/page"}],"author":[{"embeddable":true,"href":"https:\/\/tolwatertechniek.nl\/de\/wp-json\/wp\/v2\/users\/1"}],"replies":[{"embeddable":true,"href":"https:\/\/tolwatertechniek.nl\/de\/wp-json\/wp\/v2\/comments?post=3263"}],"version-history":[{"count":2,"href":"https:\/\/tolwatertechniek.nl\/de\/wp-json\/wp\/v2\/pages\/3263\/revisions"}],"predecessor-version":[{"id":6373,"href":"https:\/\/tolwatertechniek.nl\/de\/wp-json\/wp\/v2\/pages\/3263\/revisions\/6373"}],"wp:attachment":[{"href":"https:\/\/tolwatertechniek.nl\/de\/wp-json\/wp\/v2\/media?parent=3263"}],"curies":[{"name":"wp","href":"https:\/\/api.w.org\/{rel}","templated":true}]}}