{"id":3259,"date":"2010-12-17T19:37:10","date_gmt":"2010-12-17T19:37:10","guid":{"rendered":""},"modified":"2020-10-22T17:04:18","modified_gmt":"2020-10-22T17:04:18","slug":"reinigung-beckenwasser-zoos-2","status":"publish","type":"page","link":"https:\/\/tolwatertechniek.nl\/de\/reinigung-beckenwasser-zoos-2\/","title":{"rendered":"Zoo \/ Aquarien"},"content":{"rendered":"<p>Tol Watertechniek entwirft, baut und wartet u.a. Ozonanlagen f\u00fcr Zoos und Aquarien. Ozon hat seine N\u00fctzlichkeit bei der Behandlung von S\u00fc\u00df- und Salzwasserbecken von Zoos und Aquarien seit langem bewiesen. F\u00fcr die Behandlung von Beckenwasser f\u00fcr Eisb\u00e4ren, Seel\u00f6wen, Pinguine und Delfine wird Ozon zur Reinigung des Wassers eingesetzt.<\/p>\n<p>In Zoos und Aquarien enthalten die Becken oft eine relativ gro\u00dfe Menge an Eiwei\u00df, weshalb sich der Einsatz von Eiwei\u00dfabsch\u00e4umern als Ozonreaktor sehr gut eignet. Auf diese Weise werden die ausflockenden Eigenschaften des Ozons optimal ausgenutzt, woraufhin diese Stoffe sofort durch die Eiwei\u00dfabsch\u00e4umer entfernt werden. Ozon hat noch viele andere Vorteile:<\/p>\n<ul>\n<li>Entf\u00e4rbung, um die Tiere f\u00fcr Besucher und Betreuer optimal sichtbar zu machen.<\/li>\n<li>Geruchsbeseitigung<\/li>\n<li>Erh\u00f6hung des Sauerstoffgehalts des Wassers<\/li>\n<li>Geringerer Krankheitsdruck, geringeres Krankheits- und Infektionsrisiko<\/li>\n<li>Entfernung von Proteinen, wodurch die Belastung durch Schaumbildung verringert wird<\/li>\n<li>Ausflockung von Abfall<\/li>\n<li>Abbau verschiedener Chemikalien<\/li>\n<li>Umwandlung von Nitrit in Nitrat<\/li>\n<\/ul>\n<p>Auch bei der Verwendung von Ozon ist ein guter biologischer und mechanischer Filter notwendig, Ozon kann viel bewirken, aber es ist sicher kein Allheilmittel!<\/p>\n<p>Alle unsere Systeme sind auf niedrigen Energieverbrauch, einfache Wartung und nat\u00fcrlich auf gesundes und klares Wasser ausgelegt. Schlie\u00dflich wollen Ihre Besucher die Tiere in optimaler Kondition sehen k\u00f6nnen. Sie k\u00f6nnen uns f\u00fcr einzelne Komponenten bis hin zu schl\u00fcsselfertigen Systemen kontaktieren.<\/p>\n<p>Wenn Sie Fragen zum Entwurf, Bau oder zur Wartung von Ozonanlagen haben, wenden Sie sich bitte an uns.<\/p>\n<p>\u00a9 Tol Watertechniek<\/p>\n","protected":false},"excerpt":{"rendered":"<p>Zoo \/ Aquarien<\/p>\n","protected":false},"author":1,"featured_media":0,"parent":0,"menu_order":0,"comment_status":"open","ping_status":"open","template":"","meta":{"_et_pb_use_builder":"","_et_pb_old_content":"","_et_gb_content_width":"","footnotes":""},"class_list":["post-3259","page","type-page","status-publish","hentry"],"_links":{"self":[{"href":"https:\/\/tolwatertechniek.nl\/de\/wp-json\/wp\/v2\/pages\/3259","targetHints":{"allow":["GET"]}}],"collection":[{"href":"https:\/\/tolwatertechniek.nl\/de\/wp-json\/wp\/v2\/pages"}],"about":[{"href":"https:\/\/tolwatertechniek.nl\/de\/wp-json\/wp\/v2\/types\/page"}],"author":[{"embeddable":true,"href":"https:\/\/tolwatertechniek.nl\/de\/wp-json\/wp\/v2\/users\/1"}],"replies":[{"embeddable":true,"href":"https:\/\/tolwatertechniek.nl\/de\/wp-json\/wp\/v2\/comments?post=3259"}],"version-history":[{"count":3,"href":"https:\/\/tolwatertechniek.nl\/de\/wp-json\/wp\/v2\/pages\/3259\/revisions"}],"predecessor-version":[{"id":5773,"href":"https:\/\/tolwatertechniek.nl\/de\/wp-json\/wp\/v2\/pages\/3259\/revisions\/5773"}],"wp:attachment":[{"href":"https:\/\/tolwatertechniek.nl\/de\/wp-json\/wp\/v2\/media?parent=3259"}],"curies":[{"name":"wp","href":"https:\/\/api.w.org\/{rel}","templated":true}]}}