{"id":3253,"date":"2010-12-15T15:18:48","date_gmt":"2010-12-15T15:18:48","guid":{"rendered":"https:\/\/tolwatertechniek.nl\/de\/pilot-2\/"},"modified":"2020-11-12T20:03:15","modified_gmt":"2020-11-12T20:03:15","slug":"pilot-2","status":"publish","type":"page","link":"https:\/\/tolwatertechniek.nl\/de\/pilot-2\/","title":{"rendered":"Pilotanlage"},"content":{"rendered":"<p>Sind Sie neugierig auf die Wirkung von Ozon auf Ihr Prozesswasser und m\u00f6chten Sie Ozontests durchf\u00fchren? Wir bieten Ihnen zwei M\u00f6glichkeiten, Ozontests durchzuf\u00fchren, um zu sehen, wie sich Ozon auf Ihr Nutzwasser auswirkt.<\/p>\n<p><strong>Pilotanlage<\/strong><\/p>\n<p>Eine Pilotanlage ist eine Ozonanlage zur Behandlung eines Teilstroms. Dies ist f\u00fcr Unternehmen gedacht, die den Kauf einer Ozonanlage erw\u00e4gen, aber vor dem Kauf testen wollen, ob Ozon die gew\u00fcnschten Ergebnisse erzielen kann. Sie erhalten sozusagen eine kleine Ozonanlage zur Probe.<\/p>\n<p>Eine Pilotanlage besteht aus einer voll funktionsf\u00e4higen Ozonanlage, die zur Behandlung eines Teilstroms von Nutzwasser geeignet ist. Beim Import und Export der Ozonanlage k\u00f6nnen Wasserproben entnommen und Messungen vorgenommen werden. Auf diese Weise ist es m\u00f6glich, in kleinem Ma\u00dfstab zu testen, ob Ozon die gew\u00fcnschten Ergebnisse liefert.<\/p>\n<p>Wir haben Batch- und Pilotversuche f\u00fcr verschiedene Branchen und M\u00e4rkte durchgef\u00fchrt, wie zum Beispiel:<\/p>\n<ul>\n<li>Lebensmittelindustrie<\/li>\n<li>Landwirtschaft und Gartenbau<\/li>\n<li>Chemische Industrie<\/li>\n<li>(Ab-) Wasser<\/li>\n<li>Schwimmb\u00e4der<\/li>\n<li>Teiche<\/li>\n<li>Lagerung von Produkten<\/li>\n<\/ul>\n<p>&nbsp;<\/p>\n<p>Erkundigen Sie sich nach den M\u00f6glichkeiten, eine Pilotanlage zu installieren oder einen Batch-Test zur Behandlung Ihres Prozesswassers durchzuf\u00fchren.<\/p>\n<p><a href=\"https:\/\/tolwatertechniek.nl\/de\/ozon-test-2\/\">Klicken Sie hier f\u00fcr Ozon-Batch-Tests<\/a><\/p>\n<p><strong>\u00a9 Tol Watertechniek<\/strong><\/p>\n","protected":false},"excerpt":{"rendered":"<p>Pilotanlage<\/p>\n","protected":false},"author":1,"featured_media":0,"parent":0,"menu_order":0,"comment_status":"open","ping_status":"open","template":"","meta":{"_et_pb_use_builder":"","_et_pb_old_content":"","_et_gb_content_width":"","footnotes":""},"class_list":["post-3253","page","type-page","status-publish","hentry"],"_links":{"self":[{"href":"https:\/\/tolwatertechniek.nl\/de\/wp-json\/wp\/v2\/pages\/3253","targetHints":{"allow":["GET"]}}],"collection":[{"href":"https:\/\/tolwatertechniek.nl\/de\/wp-json\/wp\/v2\/pages"}],"about":[{"href":"https:\/\/tolwatertechniek.nl\/de\/wp-json\/wp\/v2\/types\/page"}],"author":[{"embeddable":true,"href":"https:\/\/tolwatertechniek.nl\/de\/wp-json\/wp\/v2\/users\/1"}],"replies":[{"embeddable":true,"href":"https:\/\/tolwatertechniek.nl\/de\/wp-json\/wp\/v2\/comments?post=3253"}],"version-history":[{"count":4,"href":"https:\/\/tolwatertechniek.nl\/de\/wp-json\/wp\/v2\/pages\/3253\/revisions"}],"predecessor-version":[{"id":6202,"href":"https:\/\/tolwatertechniek.nl\/de\/wp-json\/wp\/v2\/pages\/3253\/revisions\/6202"}],"wp:attachment":[{"href":"https:\/\/tolwatertechniek.nl\/de\/wp-json\/wp\/v2\/media?parent=3253"}],"curies":[{"name":"wp","href":"https:\/\/api.w.org\/{rel}","templated":true}]}}