{"id":3183,"date":"2010-10-01T08:11:28","date_gmt":"2010-10-01T08:11:28","guid":{"rendered":"https:\/\/tolwatertechniek.nl\/de\/Downloads\/"},"modified":"2022-10-25T12:10:17","modified_gmt":"2022-10-25T12:10:17","slug":"downloads","status":"publish","type":"page","link":"https:\/\/tolwatertechniek.nl\/de\/downloads\/","title":{"rendered":"Downloads"},"content":{"rendered":"<p>Auf dieser Seite k\u00f6nnen Sie Handb\u00fccher, Artikeln, Informationsbl\u00e4tter und mehr herunterladen. Um diese Dateien zu \u00f6ffnen brauchen Sie ein Programm das pdf Dateien \u00f6ffnen kann. Gibt es nicht die Informationen Sie brauchen, oder brauchen Sie ein \u00dcbersetzung? Senden Sie eine E-Mail f\u00fcr weitere Informationen. <\/p>\n<p><strong>Informationen:<\/strong><\/p>\n<ul>\n<li>Ozon zo zit dat dus (erschienen in Koi Wijzer dec. 2011): <a href=\"https:\/\/tolwatertechniek.nl\/wp-content\/uploads\/Ozon-zo-zit-dat-dus.pdf\">Ozon zo zit dat dus<\/a><\/li>\n<li>De beginselen van ozon voor vijvers (erschienen in das kostenlosee-magazine nr41 van Vijvers &amp; koi): <a href=\"https:\/\/tolwatertechniek.nl\/wp-content\/uploads\/Artikel-Koimaster-v3.pdf\">Artikel Koimaster v3<\/a><\/li>\n<\/ul>\n<p><strong>Handb\u00fccher:<br \/>\n<\/strong><\/p>\n<ul>\n<li><a href=\"https:\/\/tolwatertechniek.nl\/wp-content\/uploads\/Handleiding-tro-biotro-rev2-NL.pdf\">Handleiding tro-biotro rev2 NL<\/a><\/li>\n<li><a href=\"https:\/\/tolwatertechniek.nl\/wp-content\/uploads\/Handleiding-ozon-installatie-rev-2-NL.pdf\">Handleiding ozon installatie rev 2 NL<\/a><\/li>\n<li><a href=\"https:\/\/tolwatertechniek.nl\/wp-content\/uploads\/Handleiding-Compact-serie-rev3-NL.pdf\">Handleiding Compact serie rev3 NL<\/a><\/li>\n<li><a href=\"https:\/\/tolwatertechniek.nl\/wp-content\/uploads\/Handleiding-redox-controller-rev-4-NL.pdf\">Handleiding redox controller rev 4 NL<\/a><\/li>\n<li><a href=\"https:\/\/tolwatertechniek.nl\/wp-content\/uploads\/Handleiding-RG40-luchtdroger-rev-1-NL.pdf\">Handleiding RG40 luchtdroger rev 1 NL<\/a><\/li>\n<li><a href=\"https:\/\/tolwatertechniek.nl\/wp-content\/uploads\/Manuel-filtre-a-tambour-rev-1-FR.pdf\">Manuel filtre \u00e0 tambour rev 1 FR<\/a><\/li>\n<li><a href=\"https:\/\/tolwatertechniek.nl\/wp-content\/uploads\/Manuel-installation-dozone-rev-1-FR.pdf\">Manuel installation d&#8217;ozone rev 1 FR<\/a><\/li>\n<li><a href=\"https:\/\/tolwatertechniek.nl\/wp-content\/uploads\/Anleitung-tro-biotro-rev-1-DE.pdf\">Anleitung tro-biotro rev 1 DE<\/a><\/li>\n<li><a href=\"https:\/\/tolwatertechniek.nl\/wp-content\/uploads\/Manual-tro-biotro-rev2-EN.pdf\">Manual tro-biotro rev2 EN<\/a><\/li>\n<li><a href=\"https:\/\/tolwatertechniek.nl\/wp-content\/uploads\/Manual-RG40-rev1-EN.pdf\">Manual RG40 rev1 EN<\/a><\/li>\n<li><a href=\"https:\/\/tolwatertechniek.nl\/wp-content\/uploads\/Manual-ORP-controller-rev2-EN.pdf\">Manual ORP controller rev2 EN<\/a><\/li>\n<li><a href=\"https:\/\/tolwatertechniek.nl\/wp-content\/uploads\/Manual-ozone-system-rev-2-EN.pdf\">Manual ozone system rev 2 EN<\/a><\/li>\n<\/ul>\n<p><strong>Allgemeinen Lieferbedingungen<br \/>\n<\/strong><\/p>\n<ul>\n<li> Lieferbedingungen NL: <a href=\"https:\/\/tolwatertechniek.nl\/wp-content\/uploads\/Metaalunievoorwaarden-2019-Nederlands-A4-briefpapier.pdf\">Metaalunievoorwaarden-2019-Nederlands-A4-briefpapier<\/a><\/li>\n<li> Lieferbedingungen DE: <a href=\"https:\/\/tolwatertechniek.nl\/wp-content\/uploads\/Metaalunievoorwaarden-2019-Duits-2.pdf\">Metaalunievoorwaarden-2019-Duits-2<\/a><\/li>\n<li> Lieferbedingungen EN: <a href=\"https:\/\/tolwatertechniek.nl\/wp-content\/uploads\/Metaalunievoorwaarden-2019-Engels-A4-briefpapier.pdf\">Metaalunievoorwaarden-2019-Engels-A4-briefpapier<\/a><\/li>\n<\/ul>\n<p><strong>Produkt Informationsbl\u00e4tter:<\/strong><\/p>\n<p>&nbsp;<\/p>\n","protected":false},"excerpt":{"rendered":"<p>Downloads<\/p>\n","protected":false},"author":1,"featured_media":0,"parent":0,"menu_order":0,"comment_status":"open","ping_status":"open","template":"","meta":{"_et_pb_use_builder":"","_et_pb_old_content":"","_et_gb_content_width":"","footnotes":""},"class_list":["post-3183","page","type-page","status-publish","hentry"],"_links":{"self":[{"href":"https:\/\/tolwatertechniek.nl\/de\/wp-json\/wp\/v2\/pages\/3183","targetHints":{"allow":["GET"]}}],"collection":[{"href":"https:\/\/tolwatertechniek.nl\/de\/wp-json\/wp\/v2\/pages"}],"about":[{"href":"https:\/\/tolwatertechniek.nl\/de\/wp-json\/wp\/v2\/types\/page"}],"author":[{"embeddable":true,"href":"https:\/\/tolwatertechniek.nl\/de\/wp-json\/wp\/v2\/users\/1"}],"replies":[{"embeddable":true,"href":"https:\/\/tolwatertechniek.nl\/de\/wp-json\/wp\/v2\/comments?post=3183"}],"version-history":[{"count":7,"href":"https:\/\/tolwatertechniek.nl\/de\/wp-json\/wp\/v2\/pages\/3183\/revisions"}],"predecessor-version":[{"id":7577,"href":"https:\/\/tolwatertechniek.nl\/de\/wp-json\/wp\/v2\/pages\/3183\/revisions\/7577"}],"wp:attachment":[{"href":"https:\/\/tolwatertechniek.nl\/de\/wp-json\/wp\/v2\/media?parent=3183"}],"curies":[{"name":"wp","href":"https:\/\/api.w.org\/{rel}","templated":true}]}}