{"id":3177,"date":"2010-09-30T18:25:46","date_gmt":"2010-09-30T18:25:46","guid":{"rendered":"https:\/\/tolwatertechniek.nl\/de\/wartung-an-ozongeraeten-2\/"},"modified":"2020-11-11T00:04:03","modified_gmt":"2020-11-11T00:04:03","slug":"wartung-an-ozongeraeten-2","status":"publish","type":"page","link":"https:\/\/tolwatertechniek.nl\/de\/wartung-an-ozongeraeten-2\/","title":{"rendered":"Ozon-Wartung"},"content":{"rendered":"<p>Es gibt eine Reihe von Missverst\u00e4ndnissen \u00fcber die Wartung einer Ozonanlage und auf dieser Seite versuchen wir, Sie dar\u00fcber zu informieren, um sp\u00e4tere \u00dcberraschungen zu vermeiden.<\/p>\n<p>Es wird oft angenommen, dass eine Ozonanlage mehr oder weniger wartungsfrei ist, wie z.B. eine UV-Lampe. Bei einer UV-Lampe m\u00fcssen Sie die Lampe einmal pro Jahr austauschen und das war&#8217;s. Eine Ozonanlage ben\u00f6tigt f\u00fcr einen sicheren Betrieb mehr Wartung. Der Unterhalt kann in 3 Gruppen unterteilt werden.<\/p>\n<p><strong>H\u00e4ufig: <\/strong><\/p>\n<ol>\n<li>Die Reinigung der Redox-Elektrode sollte, je nach Verschmutzung, 1x pro Woche bis 1x alle 4 Wochen erfolgen.<\/li>\n<\/ol>\n<p><strong>Regelm\u00e4\u00dfig: <\/strong><\/p>\n<ol>\n<li>Bei der \u00dcberpr\u00fcfung und m\u00f6glicherweise beim Austausch des Lufttrockners ist es sehr wichtig, dass ein Lufttrockner ordnungsgem\u00e4\u00df funktioniert. Ersetzen oder trocknen Sie daher das trockene Granulat regelm\u00e4\u00dfig.<\/li>\n<li>Kontrolle des Restozonvernichters. Kontrolle des Lufttrockners des Restozonvernichters und ggf. Austausch oder Trocknung des trockenen Granulats. Pr\u00fcfen Sie auch, ob die Aktivkohle noch trocken ist; ist sie feucht, muss sie ausgetauscht werden.<\/li>\n<li>Reinigen Sie den Staubfilter des Ozongenerators.<\/li>\n<\/ol>\n<p><strong>J\u00e4hrlich: <\/strong><\/p>\n<ol>\n<li>Reinigung der Ozonzelle und Reinigung des Generators selbst.<\/li>\n<li>\u00dcberpr\u00fcfung und ggf. Austausch der Schl\u00e4uche zwischen Generator und Reaktor.<\/li>\n<li>\u00dcberpr\u00fcfen Sie den\/die Sprudelstein(e) im Reaktor und ersetzen Sie ihn\/sie gegebenenfalls.<\/li>\n<\/ol>\n<p>Die meisten dieser Vorg\u00e4nge sind einfach durchzuf\u00fchren und nehmen sehr wenig Zeit in Anspruch, aber sie sind sehr wichtige Schritte, um Ihre Ozonanlage in einem Top-Zustand zu halten.<\/p>\n<p>\u00dcbrigens gilt dies nicht nur f\u00fcr unsere Anlagen, sondern f\u00fcr alle Ozonanlagen!<\/p>\n<p><strong>\u00a9 Tol Watertechniek<\/strong><\/p>\n","protected":false},"excerpt":{"rendered":"<p>Ozon-Wartung<\/p>\n","protected":false},"author":1,"featured_media":0,"parent":0,"menu_order":0,"comment_status":"open","ping_status":"open","template":"","meta":{"_et_pb_use_builder":"","_et_pb_old_content":"","_et_gb_content_width":"","footnotes":""},"class_list":["post-3177","page","type-page","status-publish","hentry"],"_links":{"self":[{"href":"https:\/\/tolwatertechniek.nl\/de\/wp-json\/wp\/v2\/pages\/3177","targetHints":{"allow":["GET"]}}],"collection":[{"href":"https:\/\/tolwatertechniek.nl\/de\/wp-json\/wp\/v2\/pages"}],"about":[{"href":"https:\/\/tolwatertechniek.nl\/de\/wp-json\/wp\/v2\/types\/page"}],"author":[{"embeddable":true,"href":"https:\/\/tolwatertechniek.nl\/de\/wp-json\/wp\/v2\/users\/1"}],"replies":[{"embeddable":true,"href":"https:\/\/tolwatertechniek.nl\/de\/wp-json\/wp\/v2\/comments?post=3177"}],"version-history":[{"count":3,"href":"https:\/\/tolwatertechniek.nl\/de\/wp-json\/wp\/v2\/pages\/3177\/revisions"}],"predecessor-version":[{"id":6117,"href":"https:\/\/tolwatertechniek.nl\/de\/wp-json\/wp\/v2\/pages\/3177\/revisions\/6117"}],"wp:attachment":[{"href":"https:\/\/tolwatertechniek.nl\/de\/wp-json\/wp\/v2\/media?parent=3177"}],"curies":[{"name":"wp","href":"https:\/\/api.w.org\/{rel}","templated":true}]}}