{"id":3174,"date":"2010-09-30T18:21:15","date_gmt":"2010-09-30T18:21:15","guid":{"rendered":"https:\/\/tolwatertechniek.nl\/de\/informationen-ueber-ozon-teich-aquakultur\/"},"modified":"2025-12-30T11:26:55","modified_gmt":"2025-12-30T11:26:55","slug":"informationen-ueber-ozon-teich-aquakultur","status":"publish","type":"page","link":"https:\/\/tolwatertechniek.nl\/de\/informationen-ueber-ozon-teich-aquakultur\/","title":{"rendered":"Informationen \u00fcber Ozon (Teiche und Aquakultur)"},"content":{"rendered":"<h2><em>Einf\u00fchrung<\/em><\/h2>\n<p>Ozon kommt den meisten Menschen bekannt vor, sei es durch die Ozonschicht oder den Geruch, der von einigen Druckern ausgeht. Viele Menschen wissen jedoch nicht, dass Ozon auch sehr gut zur Reinigung von Wasser verwendet werden kann. Ozon wird seit Jahren bei der Aufbereitung von Trinkwasser verwendet, um Chlor zu ersetzen. Ozon wird auch zunehmend in Schwimmb\u00e4dern verwendet, weil Chlor Haut- und Atemreizungen verursachen kann. Mit einer richtigen Nutzung des Ozons geh\u00f6ren diese Probleme der Vergangenheit an. In den letzten Jahren wird Ozon auch zunehmend in Fischfarmen, Zoos und (Koi-)Teichen eingesetzt. Die Verwendung von Ozon ist eine sehr gute Erg\u00e4nzung zu Ihrem bestehenden Filtersystem, ersetzt aber nicht Ihren Filter! Im Internet finden Sie eine Menge Informationen \u00fcber Ozon, aber leider wird auch viel Unsinn dar\u00fcber geschrieben. Im folgenden Text haben wir versucht, die Grundlagen f\u00fcr eine gute Nutzung des Ozons zu erkl\u00e4ren.<\/p>\n<h2><em>Was ist Ozon?<\/em><\/h2>\n<p>Ozon besteht aus 3 Sauerstoffatomen (O3) und wird aus Sauerstoff hergestellt. Sauerstoff besteht aus 2 Sauerstoffatomen. Die Umwandlung von Sauerstoff in Ozon kann auf 2 Arten erfolgen, entweder mit UV-Licht niedriger Wellenl\u00e4nge oder mit Hilfe von Hochspannung. Die letztgenannte Option ist die am h\u00e4ufigsten verwendete Methode, da die maximal zu erreichende Ozonkonzentration viel h\u00f6her ist als bei der Verwendung von UV-Licht und auch der Stromverbrauch pro Gramm erzeugtes Ozon viel niedriger ist. Ozon ist sehr instabil und wird sich so schnell wie m\u00f6glich eines Atoms entledigen wollen, um wieder auf Sauerstoff zur\u00fcckzufallen.<\/p>\n<h2><em>Wozu wird Ozon verwendet?<\/em><\/h2>\n<p>Ozon wird verwendet, um schwer zu entfernende Stoffe aus dem Wasser zu entfernen. Denken Sie zum Beispiel an Farbstoffe, Nitrit, Medikamentenr\u00fcckst\u00e4nde und Pheromone. Es t\u00f6tet aber auch Bakterien, Parasiten und Viren ab, und das alles ist viel wirksamer als eine UV-Lampe! Es reagiert jedoch nur mit Substanzen, Parasiten, Bakterien usw., die den Reaktorbeh\u00e4lter passieren. Auf diese Weise werden die guten Bakterien, die Sie in Ihrem Filter finden, nicht beeintr\u00e4chtigt. Nachdem das Ozon seine Arbeit getan hat, bleibt nur noch reiner Sauerstoff \u00fcbrig!<\/p>\n<h2><em>Woraus besteht eine Ozonanlage?<\/em><\/h2>\n<p>Eine gute Ozonanlage besteht aus einer Reihe von Komponenten, die alle eine bestimmte Funktion haben.<\/p>\n<h2><em>Ozongenerator<\/em>:<\/h2>\n<p>Der Ozongenerator wandelt Luft (Sauerstoff) in Ozon um. Die Kapazit\u00e4t eines Ozongenerators wird in Gramm Ozon pro Stunde ausgedr\u00fcckt. In der Teichwelt liegt dieser oft zwischen 500 mg und wenigen Gramm.<\/p>\n<h2><em>Lufttrockner \/ Sauerstoffgenerator:<\/em><\/h2>\n<p>Die Verwendung eines Lufttrockners oder Sauerstoffgenerators wird dringend empfohlen, um die einstr\u00f6mende Luft des Ozongenerators zu trocknen. Feuchte Luft kann den Ozonertrag um mehr als 50% reduzieren. Dar\u00fcber hinaus bildet sich bei Verwendung feuchter Luft auch Salpeters\u00e4ure in der Ozonzelle, was deren Lebensdauer erheblich verk\u00fcrzt. Ein Sauerstoffgenerator sorgt auch daf\u00fcr, dass viel mehr Ozon produziert wird.<\/p>\n<h2><em>Ozonreaktor:<\/em><\/h2>\n<p>Dies ist eigentlich eine Sammelbezeichnung f\u00fcr alle Produkte, die verwendet werden, um Ozon mit Wasser reagieren zu lassen. Ein guter Ozonreaktor mischt kleine (2 bis 5 mm) Ozonblasen mit Wasser, weil dies am effizientesten ist. In der Industrie wird daher h\u00e4ufig ein statischer Mischer und\/oder ein Venturirohr verwendet, um Ozon in das Wasser zu mischen, da sie die h\u00f6chste Effizienz bieten. Der Nachteil dieser Methoden ist der hohe Stromverbrauch, da f\u00fcr den ordnungsgem\u00e4\u00dfen Betrieb leistungsstarke Pumpen ben\u00f6tigt werden. Zoos und Aquakulturen verwenden h\u00e4ufig einen Ozonreaktor in Form eines mit Wasser gef\u00fcllten Gef\u00e4\u00dfes, in das die Ozonblasen mit Hilfe von Sprudelsteinen eingebracht werden. Manchmal wird dies mit einem Absch\u00e4umer kombiniert, der den Vorteil hat, dass ein Teil der ozonoxidierten Stoffe direkt aus dem Wasser entfernt wird.<\/p>\n<h2><em>Restozonvernichter:<\/em><\/h2>\n<p>Bei den meisten Ozonreaktoren befindet sich ein &#8222;Restluftauslass&#8220;, in Wirklichkeit wird nicht nur Luft, sondern auch Ozon emittiert. Dieser Gasstrom sollte nicht einfach in Ihren Filterraum gelangen, denn Ozon ist sch\u00e4dlich f\u00fcr Mensch und Tier. Um das in der Restluft vorhandene Ozon zu neutralisieren, wird ein Restozonvernichter eingesetzt. Dieser Restozonvernichter wandelt das vorhandene Ozon in Sauerstoff um.<\/p>\n<h2><em>Redox-Regler:<\/em><\/h2>\n<p>Die Reinheit Ihres Wassers kann in einem Redoxpotential (mV) ausgedr\u00fcckt werden. Ozon bewirkt eine Erh\u00f6hung des Redox-Wertes. Ein zu hoher Redoxwert ist jedoch sch\u00e4dlich f\u00fcr die Tiere im Wasser, deshalb wird ein Redoxregler verwendet. Ein Redox-Regler l\u00e4sst sich am besten mit dem Thermostat vergleichen, das Ihren Kessel steuert. Sie stellen am Redoxregler einen Redoxwert ein, der daf\u00fcr sorgt, dass der Ozongenerator abgeschaltet wird, wenn der Redoxwert zu hoch wird. F\u00e4llt der Redoxwert unter den eingestellten Wert, schaltet der Redoxregler den Ozongenerator wieder ein.<\/p>\n<h2><em>Eine optimale Nutzung des Ozons.<\/em><\/h2>\n<p>Eine optimale Nutzung von Ozon beginnt mit einer ordnungsgem\u00e4\u00dfen Ozonanlage und einigen Richtlinien.<\/p>\n<h2><em>Redox-Wert:<\/em><\/h2>\n<p>Wie bereits erw\u00e4hnt, ist der Redoxwert ein Indikator f\u00fcr die Reinheit des Wassers. F\u00fcr einen Teich ist ein Redoxwert von 275mV ein empfohlenes Maximum.<\/p>\n<h2><em>Platzierung des Reaktors:<\/em><\/h2>\n<p>Es ist wichtig, den Ausgang des Ozonreaktors nicht direkt in Ihr Becken\/Teich zu lassen. In diesem Wasser kann immer noch Ozon vorhanden sein, das f\u00fcr die Tiere im Wasser sch\u00e4dlich ist. Am besten ist es, den Aussto\u00df des Reaktors in den Vorfilter, die letzte Filterkammer oder in den Anlagenfilter gelangen zu lassen. Es wird manchmal empfohlen, eine UV-Lampe nach dem Ausgang des Reaktors zu platzieren, allerdings wird davon abgeraten. UV wandelt Ozon in Wasserstoffperoxid um, und Ozon und Wasserstoffperoxid bilden zusammen OH-Radikale. Beide Substanzen sind sehr sch\u00e4dlich f\u00fcr Ihre Fische!<\/p>\n<h2><em>Im Folgenden sind einige anhaltende Missverst\u00e4ndnisse \u00fcber Ozon..:<\/em><\/h2>\n<h3>Ammoniak<\/h3>\n<p>Einige Websites behaupten, dass Ozon Ammoniak abbaut, dies ist nicht ganz korrekt. Unter bestimmten Umst\u00e4nden (pH-Wert) baut Ozon ein wenig Ammoniak ab, aber das ist so minimal, dass es nicht nennenswert ist. Ozon wandelt allerdings Nitrit in Nitrat um!<\/p>\n<h3>Algen<\/h3>\n<p>Wir erhalten regelm\u00e4ssig Fragen zur Beseitigung von Algen mit Hilfe von Ozon. Die Abt\u00f6tung und Beseitigung von Algen wird mit den Ozonanlagen, die an Teichen eingesetzt werden, kaum stattfinden. Die Beseitigung von Algen ist nur etwa um den Faktor 10 mehr Ozon erforderlich, als es normalerweise in Teichen angewendet wird. Zudem ist die Kontaktzeit oft zu kurz, f\u00fcr die Abt\u00f6tung von Algen sollte man n\u00e4mlich an eine Kontaktzeit von 3 Minuten oder mehr denken.<\/p>\n<h3>Phosphat<\/h3>\n<p>Einige Unternehmen behaupten, dass Ozon Phosphat entfernt, was leider nicht der Fall ist.<\/p>\n<h2>Kleine Ozonblasen sind der wichtigste Faktor f\u00fcr eine gute Durchmischung des Ozons.<\/h2>\n<p>Diese Aussage geht davon aus, dass die Kontaktfl\u00e4che f\u00fcr den Ozonaustausch gr\u00f6\u00dfer ist, wenn die Luftblasen kleiner sind. Dies ist auch der Fall, aber es sind noch einige andere Faktoren beteiligt. Kurz gesagt, es l\u00e4uft darauf hinaus, dass Blasen zwischen 2 und 5 mm f\u00fcr einen guten Austausch am g\u00fcnstigsten sind. Bei Blasen, die kleiner als 2,5 mm sind, spielt die Verdr\u00e4ngung von Ozonmolek\u00fclen innerhalb der Ozon\/Luft-Blase eine gro\u00dfe Rolle. Es geht jedoch zu weit, dies hier zu erkl\u00e4ren. Die Behauptung, dass kleinere Blasen immer besser sind, ist sicher nicht der Fall!<\/p>\n<h2>Entfernung von Restozon mittels UV.<\/h2>\n<p>Dies wird nicht empfohlen, da Ozon durch UV-Strahlung in Wasserstoffperoxid umgewandelt wird und Ozon und Wasserstoffperoxid zusammen OH-Radikale bilden. In der Industrie wird diese Methode angewendet, aber nicht so sehr, um das Ozon zu entfernen, sondern weil OH-Radikale einige Stoffe besser als Ozon entfernen. Dies deutet darauf hin, dass OH-Radikale sehr gef\u00e4hrlich sein k\u00f6nnen, wenn man nicht wei\u00df, was man tut.<\/p>\n<h2>Ozon zerf\u00e4llt in wenigen Minuten.<\/h2>\n<p>Ozon zerf\u00e4llt relativ schnell, obwohl diese Zeit stark von den Umst\u00e4nden und der Anzahl der zu oxidierenden Substanzen abh\u00e4ngt. In reinem Wasser von 20 Grad und einem pH-Wert von 7 zerf\u00e4llt das meiste Ozon innerhalb von 30 Minuten. In Teichen wird dies wegen der Verschmutzung des Wassers nat\u00fcrlich schneller geschehen. Wenn jedoch zu viel Ozon in einen Reaktor eingeleitet wird, dann bleibt wenig zu oxidierende Substanz \u00fcbrig. In diesem Fall reagiert das restliche Ozon nur, wenn es mit oxidierenden Substanzen in Kontakt kommt, was in den meisten F\u00e4llen im Teich oder Filter geschieht. Leider sieht Ozon keinen Unterschied zwischen schwimmendem Schmutz, Bakterien oder Fischen und reagiert mit dem ersten, mit dem es in Kontakt kommt.<\/p>\n<h2>Ein Ozongenerator kann nicht zu gro\u00df sein.<\/h2>\n<p>Dieser Aussage begegnen wir mit einer gewissen Regelm\u00e4\u00dfigkeit, es wird davon ausgegangen, dass der Redoxregler daf\u00fcr sorgt, dass der Redoxwert nicht zu hoch wird. Dies wird oft der Fall sein, aber es ist besser, keinen zu gro\u00dfen Generator zu w\u00e4hlen.<\/p>\n<h2>Ozon ist sauerstofferh\u00f6hend.<\/h2>\n<p>Es wird gesagt, dass eine Ozonanlage sauerstofferh\u00f6hend ist, das stimmt nur teilweise. Um Ozon herzustellen, muss man Luft durch den Generator leiten. Diese Luft wird teilweise in Ozon umgewandelt, das dann im Reaktor oder Mischer mit den Wasserinhaltsstoffen reagiert. Im Prinzip erh\u00f6hen Sie auf diese Weise den Sauerstoffgehalt des Wassers, weil Sie auf diese Weise auch l\u00fcften. Aber wenn man die Luft direkt in das Wasser einleiten w\u00fcrde, w\u00fcrde man dem Wasser mehr Sauerstoff zuf\u00fcgen als durch einen Ozongenerator! Es gibt jedoch noch einen Haken, Ozon wird mit Stoffen im Wasser reagieren. Einige dieser Substanzen w\u00fcrden sonst durch Sauerstoff oxidiert werden (man denke an einen F\u00e4ulnisprozess). Da Ozon mit diesen Stoffen reagiert, sinkt der Sauerstoffverbrauch eines Teiches. In dieser Hinsicht erh\u00f6ht Ozon den Sauerstoffverbrauch.<\/p>\n<h2>Krankheitsgefahr.<\/h2>\n<p>Ozon reagiert mit den im Wasser vorhandenen Bakterien und Parasiten. Bei normalem Gebrauch wird die Krankheitsgefahr in Ihrem Teich abnehmen, aber nicht so stark, dass es f\u00fcr die Fische schlecht ist. Ist der Redoxwert jedoch zu hoch, ist es m\u00f6glich, dass die Krankheitsrate so niedrig wird, dass die Fische eine verminderte Krankheitsresistenz aufbauen. Bei einer guten Ozonanlage reagiert Ozon nur mit Substanzen, die den Reaktor oder Mischer passieren, so dass es bei richtiger Anwendung Ihre Filterbakterien nicht beeintr\u00e4chtigt.<\/p>\n<h2>Erforderliche Ozonmenge.<\/h2>\n<p>Wie viel Ozon f\u00fcr Ihren Teich ben\u00f6tigt wird, h\u00e4ngt von vielen Faktoren ab, wie z.B. dem verwendeten Filter, dem Typ des Ozonreaktors, der Fischbesetzung usw. Im Allgemeinen ist 1 Gramm pro 20 m3 ausreichend, wenn ein guter Reaktor \/ Mischer verwendet wird. Manchmal werden h\u00f6here Werte bis zu 3 Gramm pro 20 m3 empfohlen! Dies ist nicht nur unn\u00f6tig, sondern kann wegen des sich bildenden Restozons sogar gef\u00e4hrlich sein.<\/p>\n<h2>Deklarierter Ozonertrag von Ozongeneratoren.<\/h2>\n<p>Der Ozonertrag von Ozongeneratoren wird in Gramm Ozon pro Stunde angegeben. F\u00fcr die meisten Hersteller sind dies alle bereitgestellten Informationen, so dass nichts \u00fcber die Messbedingungen erw\u00e4hnt wird. Es kann zum Beispiel vorkommen, dass ein Ozongenerator, der als 3 Gramm verkauft wird, tats\u00e4chlich 1 Gramm Ozon pro Stunde abgibt. Wie kann das sein?<\/p>\n<p>Die genannten 3 Gramm werden in diesem Fall unter optimalen Bedingungen gemessen, hier eine Reihe von Optionen:<\/p>\n<p>Die Ozonausbeute wird mit Sauerstoff als Versorgungsgas gemessen, bei normaler Luft kann der Generator unter optimalen Bedingungen immer noch etwa 65% des gegebenen Wertes erreichen, in diesem Fall etwa 2 Gramm.<\/p>\n<p>Es ist auch m\u00f6glich, dass die Ozonausbeute mit Luft als Versorgungsgas gemessen wurde, diese Luft aber gut getrocknet und gek\u00fchlt wurde. Der Taupunkt (Trockenheit) der Luft hat einen gro\u00dfen Einfluss auf die Ozonausbeute. Manchmal werden Ozonertr\u00e4ge bei einem Taupunkt von -60 Grad Celsius gemessen, dies kann nur mit sehr fortschrittlichen Lufttrocknern erreicht werden. Auch in diesem Fall wird der Ozongenerator unter normalen Umst\u00e4nden keine 3 Gramm abgeben.<\/p>\n<p>Achten Sie beim Kauf eines Ozongenerators nicht nur auf den Ozonertrag, sondern auch auf die Bedingungen, unter denen er gemessen wird!<\/p>\n<h2>Abschlie\u00dfend eine Warnung:<\/h2>\n<p>Ozon ist ein gef\u00e4hrlicher Stoff, mit dem man vorsichtig sein muss, auch f\u00fcr den Menschen ist Ozon gef\u00e4hrlich. Vergewissern Sie sich jederzeit, dass Sie keine Ozonluft riechen, falls doch, dann stimmt etwas mit Ihrer Anlage nicht. Manchmal wird auch am Ausgang des Ozongenerators gerochen, um zu sehen, ob er noch funktioniert, tun Sie das NICHT!<\/p>\n<p>Wie Sie sehen, gibt es beim Ozon eine ganze Reihe von Missverst\u00e4ndnissen. Wenn Sie nach der Lekt\u00fcre dieser Ausf\u00fchrungen noch Fragen zur Anwendung oder zum Einsatz von Ozon haben, z\u00f6gern Sie nicht, sich an Tol Watertechniek oder einen unserer H\u00e4ndler zu wenden.<\/p>\n<p><strong>\u00a9 Tol Watertechniek<\/strong><\/p>\n<p><strong>Die Reproduktion eines Teils dieser Seite ist ohne vorherige schriftliche Genehmigung nicht gestattet!<\/strong><\/p>\n<p><strong><!--<\/STRONG--><\/strong><\/p>\n","protected":false},"excerpt":{"rendered":"<p>Informationen \u00fcber Ozon<\/p>\n","protected":false},"author":1,"featured_media":0,"parent":0,"menu_order":0,"comment_status":"open","ping_status":"open","template":"","meta":{"_et_pb_use_builder":"","_et_pb_old_content":"","_et_gb_content_width":"","footnotes":""},"class_list":["post-3174","page","type-page","status-publish","hentry"],"_links":{"self":[{"href":"https:\/\/tolwatertechniek.nl\/de\/wp-json\/wp\/v2\/pages\/3174","targetHints":{"allow":["GET"]}}],"collection":[{"href":"https:\/\/tolwatertechniek.nl\/de\/wp-json\/wp\/v2\/pages"}],"about":[{"href":"https:\/\/tolwatertechniek.nl\/de\/wp-json\/wp\/v2\/types\/page"}],"author":[{"embeddable":true,"href":"https:\/\/tolwatertechniek.nl\/de\/wp-json\/wp\/v2\/users\/1"}],"replies":[{"embeddable":true,"href":"https:\/\/tolwatertechniek.nl\/de\/wp-json\/wp\/v2\/comments?post=3174"}],"version-history":[{"count":5,"href":"https:\/\/tolwatertechniek.nl\/de\/wp-json\/wp\/v2\/pages\/3174\/revisions"}],"predecessor-version":[{"id":9224,"href":"https:\/\/tolwatertechniek.nl\/de\/wp-json\/wp\/v2\/pages\/3174\/revisions\/9224"}],"wp:attachment":[{"href":"https:\/\/tolwatertechniek.nl\/de\/wp-json\/wp\/v2\/media?parent=3174"}],"curies":[{"name":"wp","href":"https:\/\/api.w.org\/{rel}","templated":true}]}}