{"id":3163,"date":"2010-09-30T18:02:19","date_gmt":"2010-09-30T18:02:19","guid":{"rendered":""},"modified":"2022-10-26T11:54:22","modified_gmt":"2022-10-26T11:54:22","slug":"kontakt","status":"publish","type":"page","link":"https:\/\/tolwatertechniek.nl\/de\/kontakt\/","title":{"rendered":"Kontakt Tol Watertechniek"},"content":{"rendered":"<p>[et_pb_section fb_built=&#8220;1&#8243; admin_label=&#8220;section&#8220; _builder_version=&#8220;4.16&#8243; custom_padding=&#8220;0px|0|60px|0px|false|false&#8220; global_colors_info=&#8220;{}&#8220;][et_pb_row column_structure=&#8220;1_2,1_2&#8243; admin_label=&#8220;row&#8220; _builder_version=&#8220;4.16&#8243; background_size=&#8220;initial&#8220; background_position=&#8220;top_left&#8220; background_repeat=&#8220;repeat&#8220; custom_margin=&#8220;0px|||0px&#8220; custom_padding=&#8220;0|0px|30px|0px|false|false&#8220; global_colors_info=&#8220;{}&#8220;][et_pb_column type=&#8220;1_2&#8243; _builder_version=&#8220;4.16&#8243; custom_padding=&#8220;|||&#8220; global_colors_info=&#8220;{}&#8220; custom_padding__hover=&#8220;|||&#8220;][et_pb_text admin_label=&#8220;Text&#8220; _builder_version=&#8220;4.16&#8243; background_size=&#8220;initial&#8220; background_position=&#8220;top_left&#8220; background_repeat=&#8220;repeat&#8220; global_colors_info=&#8220;{}&#8220;]<\/p>\n<p>Sie k\u00f6nnen Tol Watertechniek kontactieren anhand von der folgende Kontactdaten:<\/p>\n<p>Tol Watertechniek<br \/>Veldhuisweg 4<br \/> 8372VH Baarlo (Overijssel)<\/p>\n<p>Telefon: 06-12454088 <br \/>(Niemand ans das Telefon? Bitte sprechen Sie auf die Mailbox, wir rufen Sie zur\u00fcck so schnell wie m\u00f6glich)<\/p>\n<p>Email: <a href=\"mailto:info@tolwatertechniek.nl\">info@tolwatertechniek.nl<\/a><\/p>\n<p>KvK ins Zwolle nr. 05086435<br \/> B.T.W. nr. NL002153056B65<\/p>\n<p>Erreichbar zwischen 9:00 und 21:00 von Montag bis Samstag.  <br \/>(F\u00fcr dringende Gesch\u00e4fte auch au\u00dfer diesem Zeitalter erreichbar)<\/p>\n<p>[\/et_pb_text][et_pb_social_media_follow _builder_version=&#8220;4.16&#8243; global_colors_info=&#8220;{}&#8220;][et_pb_social_media_follow_network social_network=&#8220;linkedin&#8220; url=&#8220;https:\/\/www.linkedin.com\/pub\/bas-van-tol\/21\/379\/7a1&#8243; _builder_version=&#8220;4.16&#8243; background_color=&#8220;#007bb6&#8243; global_colors_info=&#8220;{}&#8220; follow_button=&#8220;off&#8220; url_new_window=&#8220;on&#8220;]linkedin[\/et_pb_social_media_follow_network][et_pb_social_media_follow_network social_network=&#8220;facebook&#8220; url=&#8220;https:\/\/www.facebook.com\/tolwatertechniek&#8220; _builder_version=&#8220;4.16&#8243; background_color=&#8220;#3b5998&#8243; global_colors_info=&#8220;{}&#8220; follow_button=&#8220;off&#8220; url_new_window=&#8220;on&#8220;]facebook[\/et_pb_social_media_follow_network][et_pb_social_media_follow_network social_network=&#8220;twitter&#8220; url=&#8220;https:\/\/twitter.com\/Ozonspecialist&#8220; _builder_version=&#8220;4.16&#8243; background_color=&#8220;#00aced&#8220; global_colors_info=&#8220;{}&#8220; follow_button=&#8220;off&#8220; url_new_window=&#8220;on&#8220;]twitter[\/et_pb_social_media_follow_network][\/et_pb_social_media_follow][et_pb_text _builder_version=&#8220;4.16&#8243; custom_margin=&#8220;||0px&#8220; custom_margin_tablet=&#8220;||40px&#8220; custom_margin_phone=&#8220;&#8220; custom_margin_last_edited=&#8220;on|phone&#8220; global_colors_info=&#8220;{}&#8220;]<\/p>\n<p>Haben Sie Tibbs, Vorschl\u00e4ge, verbesserungsw\u00fcrdigen Punkten oder vermissen Sie ein Product in der Warenzusammenstellung? <br \/>Sagen Sie uns bitte Bescheid!<\/p>\n<p>[\/et_pb_text][\/et_pb_column][et_pb_column type=&#8220;1_2&#8243; _builder_version=&#8220;4.16&#8243; custom_padding=&#8220;|||&#8220; global_colors_info=&#8220;{}&#8220; custom_padding__hover=&#8220;|||&#8220;][et_pb_contact_form captcha=&#8220;off&#8220; email=&#8220;info@tolwatertechniek.nl&#8220; success_message=&#8220;Danke sehr f\u00fcr Ihnen Nachricht, wir kontaktieren Sie so schnell wie m\u00f6glich&#8220; submit_button_text=&#8220;Senden&#8220; module_id=&#8220;et_pb_contact_form_0&#8243; _builder_version=&#8220;4.16&#8243; _unique_id=&#8220;1240ca1d-26ac-4443-962b-3454a8168f9d&#8220; custom_button=&#8220;on&#8220; button_text_color=&#8220;#ffffff&#8220; button_font=&#8220;||||||||&#8220; global_colors_info=&#8220;{}&#8220;][et_pb_contact_field field_id=&#8220;Name&#8220; field_title=&#8220;Name&#8220; fullwidth_field=&#8220;on&#8220; _builder_version=&#8220;4.16&#8243; global_colors_info=&#8220;{}&#8220; button_text_size__hover_enabled=&#8220;off&#8220; button_one_text_size__hover_enabled=&#8220;off&#8220; button_two_text_size__hover_enabled=&#8220;off&#8220; button_text_color__hover_enabled=&#8220;off&#8220; button_one_text_color__hover_enabled=&#8220;off&#8220; button_two_text_color__hover_enabled=&#8220;off&#8220; button_border_width__hover_enabled=&#8220;off&#8220; button_one_border_width__hover_enabled=&#8220;off&#8220; button_two_border_width__hover_enabled=&#8220;off&#8220; button_border_color__hover_enabled=&#8220;off&#8220; button_one_border_color__hover_enabled=&#8220;off&#8220; button_two_border_color__hover_enabled=&#8220;off&#8220; button_border_radius__hover_enabled=&#8220;off&#8220; button_one_border_radius__hover_enabled=&#8220;off&#8220; button_two_border_radius__hover_enabled=&#8220;off&#8220; button_letter_spacing__hover_enabled=&#8220;off&#8220; button_one_letter_spacing__hover_enabled=&#8220;off&#8220; button_two_letter_spacing__hover_enabled=&#8220;off&#8220; button_bg_color__hover_enabled=&#8220;off&#8220; button_one_bg_color__hover_enabled=&#8220;off&#8220; button_two_bg_color__hover_enabled=&#8220;off&#8220;][\/et_pb_contact_field][et_pb_contact_field field_id=&#8220;Email&#8220; field_title=&#8220;Email-Adresse&#8220; field_type=&#8220;email&#8220; _builder_version=&#8220;4.16&#8243; global_colors_info=&#8220;{}&#8220; button_text_size__hover_enabled=&#8220;off&#8220; button_one_text_size__hover_enabled=&#8220;off&#8220; button_two_text_size__hover_enabled=&#8220;off&#8220; button_text_color__hover_enabled=&#8220;off&#8220; button_one_text_color__hover_enabled=&#8220;off&#8220; button_two_text_color__hover_enabled=&#8220;off&#8220; button_border_width__hover_enabled=&#8220;off&#8220; button_one_border_width__hover_enabled=&#8220;off&#8220; button_two_border_width__hover_enabled=&#8220;off&#8220; button_border_color__hover_enabled=&#8220;off&#8220; button_one_border_color__hover_enabled=&#8220;off&#8220; button_two_border_color__hover_enabled=&#8220;off&#8220; button_border_radius__hover_enabled=&#8220;off&#8220; button_one_border_radius__hover_enabled=&#8220;off&#8220; button_two_border_radius__hover_enabled=&#8220;off&#8220; button_letter_spacing__hover_enabled=&#8220;off&#8220; button_one_letter_spacing__hover_enabled=&#8220;off&#8220; button_two_letter_spacing__hover_enabled=&#8220;off&#8220; button_bg_color__hover_enabled=&#8220;off&#8220; button_one_bg_color__hover_enabled=&#8220;off&#8220; button_two_bg_color__hover_enabled=&#8220;off&#8220;][\/et_pb_contact_field][et_pb_contact_field field_id=&#8220;telefoon&#8220; field_title=&#8220;Telefon&#8220; _builder_version=&#8220;4.16&#8243; global_colors_info=&#8220;{}&#8220;][\/et_pb_contact_field][et_pb_contact_field field_id=&#8220;Message&#8220; field_title=&#8220;Nachricht&#8220; field_type=&#8220;text&#8220; fullwidth_field=&#8220;on&#8220; _builder_version=&#8220;4.16&#8243; global_colors_info=&#8220;{}&#8220; button_text_size__hover_enabled=&#8220;off&#8220; button_one_text_size__hover_enabled=&#8220;off&#8220; button_two_text_size__hover_enabled=&#8220;off&#8220; button_text_color__hover_enabled=&#8220;off&#8220; button_one_text_color__hover_enabled=&#8220;off&#8220; button_two_text_color__hover_enabled=&#8220;off&#8220; button_border_width__hover_enabled=&#8220;off&#8220; button_one_border_width__hover_enabled=&#8220;off&#8220; button_two_border_width__hover_enabled=&#8220;off&#8220; button_border_color__hover_enabled=&#8220;off&#8220; button_one_border_color__hover_enabled=&#8220;off&#8220; button_two_border_color__hover_enabled=&#8220;off&#8220; button_border_radius__hover_enabled=&#8220;off&#8220; button_one_border_radius__hover_enabled=&#8220;off&#8220; button_two_border_radius__hover_enabled=&#8220;off&#8220; button_letter_spacing__hover_enabled=&#8220;off&#8220; button_one_letter_spacing__hover_enabled=&#8220;off&#8220; button_two_letter_spacing__hover_enabled=&#8220;off&#8220; button_bg_color__hover_enabled=&#8220;off&#8220; button_one_bg_color__hover_enabled=&#8220;off&#8220; button_two_bg_color__hover_enabled=&#8220;off&#8220;][\/et_pb_contact_field][\/et_pb_contact_form][\/et_pb_column][\/et_pb_row][\/et_pb_section]<\/p>\n","protected":false},"excerpt":{"rendered":"<p>Kontakt Tol Watertechniek Baarlo<\/p>\n","protected":false},"author":1,"featured_media":0,"parent":0,"menu_order":0,"comment_status":"open","ping_status":"open","template":"","meta":{"_et_pb_use_builder":"on","_et_pb_old_content":"<p>U kunt contact met Tol Watertechniek opnemen via de onderstaande contact gegevens:<br \/><br \/> Tol Watertechniek<br \/>Veldhuisweg 4<br \/> 8372VH Baarlo (Overijssel)<br \/> Telefoon: 06-12454088 (geen gehoor, spreek dan de voicemail in en dan bel ik u z.s.m. terug)<br \/> Email:  info@tolwatertechniek.nl<br \/> KvK te Zwolle nr. 05086435<br \/> B.T.W. nr. NL 193752542B01<\/p>\r\n<p><br \/> Bereikbaar tussen 9:00 en 21:00 van maandag tot en met zaterdag (voor dringende zaken ook buiten deze tijden)<\/p>\r\n<p><a title=\"Linkedin\" href=\"https:\/\/www.linkedin.com\/pub\/bas-van-tol\/21\/379\/7a1\" target=\"_blank\"><img title=\"Tol watertechniek Linkedin\" src=\"https:\/\/tolwatertechniek.nl\/wp-content\/uploads\/2018\/10\/linkedin.png\" alt=\"Tol watertechniek Linkedin\" width=\"50\" \/><\/a><a title=\"Facebook\" href=\"https:\/\/www.facebook.com\/tolwatertechniek\" target=\"_blank\"><img style=\"margin-left: 20px; margin-right: 20px;\" title=\"Tol watertechniek facebook\" src=\"https:\/\/tolwatertechniek.nl\/wp-content\/uploads\/2018\/10\/facbook.png\" alt=\"Tol watertechniek facebook\" width=\"50\" \/><\/a><a title=\"Twitter\" href=\"https:\/\/twitter.com\/Ozonspecialist\" target=\"_blank\"><img title=\"Tol watertechniek twitter\" src=\"https:\/\/tolwatertechniek.nl\/wp-content\/uploads\/2018\/10\/twitter.png\" alt=\"Tol watertechniek twitter\" width=\"50\" \/><\/a><\/p>\r\n<p>Heeft u tips, suggesties, verbeterpunten of mist u een product in het assortiment? Dit hoor ik dan graag van u!<\/p>","_et_gb_content_width":"","footnotes":""},"class_list":["post-3163","page","type-page","status-publish","hentry"],"_links":{"self":[{"href":"https:\/\/tolwatertechniek.nl\/de\/wp-json\/wp\/v2\/pages\/3163","targetHints":{"allow":["GET"]}}],"collection":[{"href":"https:\/\/tolwatertechniek.nl\/de\/wp-json\/wp\/v2\/pages"}],"about":[{"href":"https:\/\/tolwatertechniek.nl\/de\/wp-json\/wp\/v2\/types\/page"}],"author":[{"embeddable":true,"href":"https:\/\/tolwatertechniek.nl\/de\/wp-json\/wp\/v2\/users\/1"}],"replies":[{"embeddable":true,"href":"https:\/\/tolwatertechniek.nl\/de\/wp-json\/wp\/v2\/comments?post=3163"}],"version-history":[{"count":10,"href":"https:\/\/tolwatertechniek.nl\/de\/wp-json\/wp\/v2\/pages\/3163\/revisions"}],"predecessor-version":[{"id":7587,"href":"https:\/\/tolwatertechniek.nl\/de\/wp-json\/wp\/v2\/pages\/3163\/revisions\/7587"}],"wp:attachment":[{"href":"https:\/\/tolwatertechniek.nl\/de\/wp-json\/wp\/v2\/media?parent=3163"}],"curies":[{"name":"wp","href":"https:\/\/api.w.org\/{rel}","templated":true}]}}