{"id":3151,"date":"2010-09-30T17:58:53","date_gmt":"2010-09-30T17:58:53","guid":{"rendered":""},"modified":"2022-10-14T13:42:29","modified_gmt":"2022-10-14T13:42:29","slug":"haendler-2","status":"publish","type":"page","link":"https:\/\/tolwatertechniek.nl\/de\/haendler-2\/","title":{"rendered":"H\u00e4ndler"},"content":{"rendered":"<p><strong><span style=\"color: #ff0000;\">Die unter genannten H\u00e4ndler verkaufen und installieren  Purusaqua Ger\u00e4ur f\u00fcr Teiche. F\u00fcr andere Anwendungen (Industrie, Zoos, etc.) k\u00f6nnen Sie uns direkt kontaktieren.<\/span><\/strong><\/p>\n<p>Interessieren Sie sich f\u00fcr der Weiterverkauf von Purusaqua Ozon Ger\u00e4t f\u00fcr Teiche? Kontaktieren Sie uns f\u00fcr die interessante Bedingungen.<\/p>\n<p><strong>Die Niederl\u00e4nde<\/strong><\/p>\n<p><strong>Jipsingkoi<\/strong><br \/>\nG. Buwaldaweg 11a<br \/>\n9551 VR Jipsingboertange<br \/>\nTel: 06 51862348<br \/>\n<a href=\"http:\/\/www.jipsingkoi.nl\" target=\"_blank\" rel=\"noopener noreferrer\">www.jipsingkoi.nl<strong> <\/strong><\/a><\/p>\n<p><strong>Jobman Vijverspecialist<\/strong><br \/>\nDorpsstraat 115<br \/>\n3481 EC Harmelen<br \/>\nTel: 06 55688744 \/ 06 55355379<br \/>\n<a href=\"http:\/\/www.jobmanvijverspecialist.nl\/\" target=\"_blank\" rel=\"noopener\">www.jobmanvijverspecialist.nl<\/a><strong><br \/>\n<\/strong><\/p>\n<p><strong>Koja Koi<br \/>\n<\/strong>Kerkebuurt 168<br \/>\n1647 ME Berkhout, NH<br \/>\nTel:06 14851567<br \/>\n<a href=\"http:\/\/www.allesvooruwvijver.nl\" target=\"_blank\" rel=\"noopener\">www.allesvooruwvijver.nl<\/a><\/p>\n<p><strong>Meekel Vijverspecialist<\/strong><br \/>\nRustenburgstraat 37<br \/>\n3297 LE Puttershoek<br \/>\nTel: 06 53816028<br \/>\n<a href=\"http:\/\/www.elroymeekel.nl\" target=\"_blank\" rel=\"noopener\">www.elroymeekel.nl<\/a><\/p>\n<p><strong>The Rising Sun KOI<\/strong><br \/>\nVeldhuisweg 4<br \/>\n8372VH Baarlo (Ov.)<br \/>\n<a href=\"http:\/\/www.trskoi.nl\" target=\"_blank\" rel=\"noopener\">www.trskoi.nl<\/a><strong> <\/strong><\/p>\n<hr \/>\n<p><strong>Belgien<\/strong><\/p>\n<p><strong>Danikoi<\/strong><br \/>\nBeringenbaan 63<br \/>\n3290 Schaffen &#8211; Diest<br \/>\nTel: +32 (0) 13 555 200<br \/>\n<a href=\"http:\/\/www.danikoi.com\" target=\"_blank\" rel=\"noopener noreferrer\">www.danikoi.com<\/a><\/p>\n<p><strong>Kim&#8217;s Koi<\/strong><br \/>\nLeuvensesteenweg 333<br \/>\n3190 Boortmeerbeek<br \/>\nTel: +32 (0) 15 500 023<br \/>\n<a href=\"http:\/\/www.kimskoi.be\" target=\"_blank\" rel=\"noopener noreferrer\">www.kimskoi.be<\/a><\/p>\n<hr \/>\n<p><strong>England<\/strong><\/p>\n<p><strong>SKS Wholesale (exclusieve distributeur)<\/strong><br \/>\nBeechcroft<br \/>\nWaterloo Road<br \/>\nHainford<br \/>\nNorwich<br \/>\nNorfolk<br \/>\nNR10 3AX<br \/>\nTel: +44 (0) 1603 897 453<br \/>\n<a href=\"http:\/\/www.skswholesale.co.uk\/\" target=\"_blank\" rel=\"noopener noreferrer\">http:\/\/www.skswholesale.co.uk\/<\/a><\/p>\n<hr \/>\n<p><strong>Frankreich<\/strong><\/p>\n<p><strong>Pisciculture de Saint-Moras (exclusieve distributeur)<\/strong><br \/>\n2 route de Saint-Moras<br \/>\n87140  THOURON<br \/>\nTel: +33 555 533 657<br \/>\n<a href=\"http:\/\/www.francecarpekoibassin.com\" target=\"_blank\" rel=\"noopener\">www.francecarpekoibassin.com<\/a><\/p>\n<hr \/>\n<p><strong>Die Tschechische Republik<\/strong><\/p>\n<p><strong>KOISTAHL<\/strong><br \/>\nJablo\u0148ov\u00e1 612<br \/>\n41712 Probo\u0161tov u Teplic<br \/>\nTel: +42 608 961 417<br \/>\n<a href=\"http:\/\/www.koifarma.cz\" target=\"_blank\" rel=\"noopener\">www.koifarma.cz<\/a><\/p>\n<p><strong>\u00a9 Tol Watertechniek<\/strong><\/p>\n","protected":false},"excerpt":{"rendered":"<p>H\u00e4ndler<\/p>\n","protected":false},"author":1,"featured_media":0,"parent":0,"menu_order":0,"comment_status":"open","ping_status":"open","template":"","meta":{"_et_pb_use_builder":"","_et_pb_old_content":"","_et_gb_content_width":"","footnotes":""},"class_list":["post-3151","page","type-page","status-publish","hentry"],"_links":{"self":[{"href":"https:\/\/tolwatertechniek.nl\/de\/wp-json\/wp\/v2\/pages\/3151","targetHints":{"allow":["GET"]}}],"collection":[{"href":"https:\/\/tolwatertechniek.nl\/de\/wp-json\/wp\/v2\/pages"}],"about":[{"href":"https:\/\/tolwatertechniek.nl\/de\/wp-json\/wp\/v2\/types\/page"}],"author":[{"embeddable":true,"href":"https:\/\/tolwatertechniek.nl\/de\/wp-json\/wp\/v2\/users\/1"}],"replies":[{"embeddable":true,"href":"https:\/\/tolwatertechniek.nl\/de\/wp-json\/wp\/v2\/comments?post=3151"}],"version-history":[{"count":4,"href":"https:\/\/tolwatertechniek.nl\/de\/wp-json\/wp\/v2\/pages\/3151\/revisions"}],"predecessor-version":[{"id":7573,"href":"https:\/\/tolwatertechniek.nl\/de\/wp-json\/wp\/v2\/pages\/3151\/revisions\/7573"}],"wp:attachment":[{"href":"https:\/\/tolwatertechniek.nl\/de\/wp-json\/wp\/v2\/media?parent=3151"}],"curies":[{"name":"wp","href":"https:\/\/api.w.org\/{rel}","templated":true}]}}