{"id":3087,"date":"2010-09-30T17:38:23","date_gmt":"2010-09-30T17:38:23","guid":{"rendered":""},"modified":"2021-08-25T17:26:59","modified_gmt":"2021-08-25T17:26:59","slug":"ueber-uns-2","status":"publish","type":"page","link":"https:\/\/tolwatertechniek.nl\/de\/ueber-uns-2\/","title":{"rendered":"\u00dcber uns (Bas van Tol \/ Tol Watertechniek)"},"content":{"rendered":"<p><strong>Tol Watertechniek<\/strong><\/p>\n<p>Tol Watertechniek wurde 2007 von Bas van Tol gegr\u00fcndet. Das Wissen \u00fcber Wasser und Ozon reicht jedoch viel weiter zur\u00fcck, da Bas van Tol seit 1998 in der Wasseraufbereitung mit Ozon t\u00e4tig ist. Zu Beginn besch\u00e4ftigte sich Bas haupts\u00e4chlich mit der Anwendung von Ozon in Teichen, Aquarien und Fischfarmen.<\/p>\n<p>Seit der Gr\u00fcndung von Tol Watertechniek hat sich das Unternehmen auf die Anwendung von Ozon im Allgemeinen spezialisiert. Die meisten ihrer Kunden kommen aus der Lebensmittel- und Getr\u00e4nkeindustrie, der Landwirtschaft und dem Gartenbau, der (Ab-)Wasseraufbereitung und Forschungsinstituten. Dies sowohl im In- als auch im Ausland (Nigeria, Belgien, England, Deutschland, Frankreich usw.).<\/p>\n<p>Tol Watertechniek baut seine eigenen Ozonger\u00e4te und zugeh\u00f6rige Peripherieger\u00e4te, diese Produkte werden unter dem Markennamen &#8222;Purusaqua&#8220; vermarktet. Wir sind auch H\u00e4ndler einiger namhafter Hersteller von Ozonger\u00e4ten.<\/p>\n<p>Die meisten Auftr\u00e4ge, die wir ausf\u00fchren, sind Anwendungen, bei denen Ozon schwierig zu verwenden ist. Das ist unsere St\u00e4rke, wir halten durch, wo andere aussteigen. Tol Watertechniek ist st\u00e4ndig dabei, die aktuellen Produkte zu erneuern und neue Produkte zu entwickeln. Dies, um bei den eingesetzten Technologien immer an der Spitze zu stehen. Dadurch k\u00f6nnen wir Ozon in Prozessen einsetzen, in denen andere dies nicht k\u00f6nnen. Die Produkte werden stets umfassend getestet, um die Qualit\u00e4t zu gew\u00e4hrleisten. Diese Philosophie ist einer der Gr\u00fcnde f\u00fcr das kontinuierliche Wachstum des Unternehmens und die Entwicklung von Produkten sehr hoher Qualit\u00e4t.<\/p>\n<p>Wenn Sie mehr wissen m\u00f6chten oder wenn Ihre Anwendung eine ma\u00dfgeschneiderte L\u00f6sung erfordert, nehmen Sie bitte Kontakt mit uns auf. F\u00fcr weitere Informationen \u00fcber mich als Person k\u00f6nnen Sie sich mein Linkedin-Profil ansehen.<\/p>\n<p>Mit freundlichen Gr\u00fc\u00dfen,<\/p>\n<p>Bas van Tol<\/p>\n<p><strong>Purusaqua\u00ae ist ein eingetragenes Warenzeichen und darf ohne unsere vorherige schriftliche Zustimmung nicht von Dritten verwendet werden.<\/strong><\/p>\n","protected":false},"excerpt":{"rendered":"<p>\u00dcber uns (Bas van Tol \/ Tol Watertechniek)<\/p>\n","protected":false},"author":1,"featured_media":0,"parent":0,"menu_order":0,"comment_status":"open","ping_status":"open","template":"","meta":{"_et_pb_use_builder":"off","_et_pb_old_content":"","_et_gb_content_width":"","footnotes":""},"class_list":["post-3087","page","type-page","status-publish","hentry"],"_links":{"self":[{"href":"https:\/\/tolwatertechniek.nl\/de\/wp-json\/wp\/v2\/pages\/3087","targetHints":{"allow":["GET"]}}],"collection":[{"href":"https:\/\/tolwatertechniek.nl\/de\/wp-json\/wp\/v2\/pages"}],"about":[{"href":"https:\/\/tolwatertechniek.nl\/de\/wp-json\/wp\/v2\/types\/page"}],"author":[{"embeddable":true,"href":"https:\/\/tolwatertechniek.nl\/de\/wp-json\/wp\/v2\/users\/1"}],"replies":[{"embeddable":true,"href":"https:\/\/tolwatertechniek.nl\/de\/wp-json\/wp\/v2\/comments?post=3087"}],"version-history":[{"count":3,"href":"https:\/\/tolwatertechniek.nl\/de\/wp-json\/wp\/v2\/pages\/3087\/revisions"}],"predecessor-version":[{"id":6454,"href":"https:\/\/tolwatertechniek.nl\/de\/wp-json\/wp\/v2\/pages\/3087\/revisions\/6454"}],"wp:attachment":[{"href":"https:\/\/tolwatertechniek.nl\/de\/wp-json\/wp\/v2\/media?parent=3087"}],"curies":[{"name":"wp","href":"https:\/\/api.w.org\/{rel}","templated":true}]}}